{"id":24,"date":"2025-03-19T17:30:17","date_gmt":"2025-03-19T16:30:17","guid":{"rendered":"https:\/\/sacrecoeurpoulseur.be\/?page_id=24"},"modified":"2025-03-28T11:20:44","modified_gmt":"2025-03-28T10:20:44","slug":"presentation-de-lecole","status":"publish","type":"page","link":"https:\/\/sacrecoeurpoulseur.be\/index.php\/presentation-de-lecole\/","title":{"rendered":"Pr\u00e9sentation de l\u2019\u00e9cole"},"content":{"rendered":"<p>[et_pb_section fb_built=\u00a0\u00bb1&Prime; _builder_version=\u00a0\u00bb4.27.4&Prime; _module_preset=\u00a0\u00bbdefault\u00a0\u00bb global_colors_info=\u00a0\u00bb{}\u00a0\u00bb][et_pb_row _builder_version=\u00a0\u00bb4.27.4&Prime; _module_preset=\u00a0\u00bbdefault\u00a0\u00bb global_colors_info=\u00a0\u00bb{}\u00a0\u00bb][et_pb_column type=\u00a0\u00bb4_4&Prime; _builder_version=\u00a0\u00bb4.27.4&Prime; _module_preset=\u00a0\u00bbdefault\u00a0\u00bb global_colors_info=\u00a0\u00bb{}\u00a0\u00bb][et_pb_accordion open_toggle_text_color=\u00a0\u00bb#A01149&Prime; open_toggle_background_color=\u00a0\u00bb#F4E1E9&Prime; closed_toggle_text_color=\u00a0\u00bb#A01149&Prime; icon_color=\u00a0\u00bb#11A072&Prime; _builder_version=\u00a0\u00bb4.27.4&Prime; _module_preset=\u00a0\u00bbdefault\u00a0\u00bb hover_enabled=\u00a0\u00bb0&Prime; global_colors_info=\u00a0\u00bb{}\u00a0\u00bb sticky_enabled=\u00a0\u00bb0&Prime;][et_pb_accordion_item title=\u00a0\u00bbNotre vision \u00e9ducative : un cadre bienveillant pour grandir et apprendre\u00a0\u00bb open=\u00a0\u00bboff\u00a0\u00bb _builder_version=\u00a0\u00bb4.27.4&Prime; _module_preset=\u00a0\u00bbdefault\u00a0\u00bb hover_enabled=\u00a0\u00bb0&Prime; global_colors_info=\u00a0\u00bb{}\u00a0\u00bb sticky_enabled=\u00a0\u00bb0&Prime;]<\/p>\n<p data-start=\"315\" data-end=\"719\"><img loading=\"lazy\" decoding=\"async\" src=\"https:\/\/sacrecoeurpoulseur.be\/wp-content\/uploads\/2025\/03\/SC10-300x300.jpg\" width=\"300\" height=\"300\" alt=\"\" class=\"wp-image-170 alignleft size-medium\" \/>\u00c0 l\u2019<strong data-start=\"319\" data-end=\"346\">\u00e9cole libre de Poulseur<\/strong>, nous croyons que chaque enfant est unique et poss\u00e8de un potentiel \u00e0 r\u00e9v\u00e9ler. Notre mission est de lui offrir un <strong data-start=\"460\" data-end=\"532\">environnement bienveillant, stimulant et adapt\u00e9 \u00e0 son \u00e9panouissement<\/strong>. Nous mettons un point d\u2019honneur \u00e0 accompagner nos \u00e9l\u00e8ves dans leur <strong data-start=\"601\" data-end=\"652\">d\u00e9veloppement intellectuel, social et personnel<\/strong>, en favorisant <strong data-start=\"668\" data-end=\"716\">l\u2019autonomie, la cr\u00e9ativit\u00e9 et la coop\u00e9ration<\/strong>.<\/p>\n<p data-start=\"721\" data-end=\"1025\">Notre \u00e9tablissement est un lieu o\u00f9 <strong data-start=\"756\" data-end=\"819\">l\u2019apprentissage se fait dans le respect du rythme de chacun<\/strong>, en valorisant l\u2019entraide et la confiance en soi. L\u2019\u00e9quipe \u00e9ducative s\u2019engage \u00e0 mettre en place des <strong data-start=\"920\" data-end=\"956\">m\u00e9thodes p\u00e9dagogiques innovantes<\/strong>, favorisant l\u2019interactivit\u00e9 et la curiosit\u00e9 naturelle des enfants.<\/p>\n<p>[\/et_pb_accordion_item][et_pb_accordion_item title=\u00a0\u00bbUne \u00e9cole chr\u00e9tienne : des valeurs au c\u0153ur de notre enseignement\u00a0\u00bb _builder_version=\u00a0\u00bb4.27.4&Prime; _module_preset=\u00a0\u00bbdefault\u00a0\u00bb global_colors_info=\u00a0\u00bb{}\u00a0\u00bb open=\u00a0\u00bboff\u00a0\u00bb]<\/p>\n<p data-start=\"1107\" data-end=\"1399\">L\u2019<strong data-start=\"1109\" data-end=\"1136\">\u00e9cole libre de Poulseur<\/strong> s\u2019inscrit dans la tradition des \u00e9coles chr\u00e9tiennes, en mettant en avant des valeurs <strong data-start=\"1221\" data-end=\"1265\">d\u2019ouverture, de respect et de solidarit\u00e9<\/strong>. Nous accueillons chaque \u00e9l\u00e8ve dans un esprit de <strong data-start=\"1315\" data-end=\"1348\">tol\u00e9rance et de bienveillance<\/strong>, quelles que soient ses origines ou convictions.<\/p>\n<p data-start=\"1401\" data-end=\"1761\">Nos enseignements sont guid\u00e9s par des principes fondamentaux :<br data-start=\"1463\" data-end=\"1466\" \/>\u2714 <strong data-start=\"1468\" data-end=\"1494\">L\u2019attention aux autres<\/strong> : apprendre \u00e0 vivre ensemble dans le respect et la coop\u00e9ration.<br data-start=\"1558\" data-end=\"1561\" \/>\u2714 <strong data-start=\"1563\" data-end=\"1600\">L\u2019engagement et la responsabilit\u00e9<\/strong> : d\u00e9velopper un esprit critique et des valeurs citoyennes.<br data-start=\"1659\" data-end=\"1662\" \/>\u2714 <strong data-start=\"1664\" data-end=\"1695\">La transmission des savoirs<\/strong> : encourager la d\u00e9couverte et l\u2019apprentissage par l\u2019exp\u00e9rience.<\/p>\n<p data-start=\"1763\" data-end=\"1943\">Nous int\u00e9grons ces valeurs dans nos projets scolaires et nos activit\u00e9s, afin que chaque enfant puisse \u00e9voluer dans un cadre o\u00f9 <strong data-start=\"1890\" data-end=\"1940\">le respect et la bienveillance sont essentiels<\/strong>.<\/p>\n<p>[\/et_pb_accordion_item][et_pb_accordion_item title=\u00a0\u00bbUne \u00e9cole ouverte sur le monde : apprendre au-del\u00e0 des murs de la classe\u00a0\u00bb _builder_version=\u00a0\u00bb4.27.4&Prime; _module_preset=\u00a0\u00bbdefault\u00a0\u00bb hover_enabled=\u00a0\u00bb0&Prime; global_colors_info=\u00a0\u00bb{}\u00a0\u00bb open=\u00a0\u00bbon\u00a0\u00bb sticky_enabled=\u00a0\u00bb0&Prime;]<\/p>\n<p data-start=\"2033\" data-end=\"2221\"><img loading=\"lazy\" decoding=\"async\" src=\"https:\/\/sacrecoeurpoulseur.be\/wp-content\/uploads\/2025\/03\/SC11-150x150.jpg\" width=\"150\" height=\"150\" alt=\"\" class=\"wp-image-173 alignleft size-thumbnail\" \/>Nous encourageons nos \u00e9l\u00e8ves \u00e0 \u00eatre <strong data-start=\"2069\" data-end=\"2120\">curieux et ouverts sur le monde qui les entoure<\/strong>. C\u2019est pourquoi nous mettons en place <strong data-start=\"2159\" data-end=\"2184\">des activit\u00e9s vari\u00e9es<\/strong> pour enrichir leur apprentissage :<\/p>\n<p data-start=\"2223\" data-end=\"2674\">\ud83c\udf0d <strong data-start=\"2226\" data-end=\"2248\">Sorties \u00e9ducatives<\/strong> : visites de mus\u00e9es, excursions en pleine nature, d\u00e9couverte du patrimoine culturel.<br data-start=\"2333\" data-end=\"2336\" \/>\ud83d\udcbb <strong data-start=\"2339\" data-end=\"2365\">Nouvelles technologies<\/strong> : utilisation du num\u00e9rique pour d\u00e9velopper les comp\u00e9tences du 21\u1d49 si\u00e8cle.<br data-start=\"2439\" data-end=\"2442\" \/>\ud83c\udf31 <strong data-start=\"2445\" data-end=\"2482\">Sensibilisation \u00e0 l\u2019environnement<\/strong> : projets de recyclage, potager p\u00e9dagogique, protection de la biodiversit\u00e9.<br data-start=\"2558\" data-end=\"2561\" \/>\ud83d\udcec <strong data-start=\"2564\" data-end=\"2586\">\u00c9changes scolaires<\/strong> : correspondance avec d\u2019autres \u00e9coles pour favoriser l\u2019ouverture aux autres cultures.<\/p>\n<p data-start=\"2676\" data-end=\"2817\">Ces exp\u00e9riences permettent aux enfants de <strong data-start=\"2718\" data-end=\"2747\">mieux comprendre le monde<\/strong> et de d\u00e9velopper des <strong data-start=\"2769\" data-end=\"2814\">comp\u00e9tences essentielles pour leur avenir<\/strong>.<\/p>\n<p>[\/et_pb_accordion_item][et_pb_accordion_item title=\u00a0\u00bbUne \u00e9cole qui favorise la r\u00e9ussite et l\u2019\u00e9panouissement de chaque enfant\u00a0\u00bb _builder_version=\u00a0\u00bb4.27.4&Prime; _module_preset=\u00a0\u00bbdefault\u00a0\u00bb global_colors_info=\u00a0\u00bb{}\u00a0\u00bb open=\u00a0\u00bboff\u00a0\u00bb]<\/p>\n<p data-start=\"2906\" data-end=\"3083\">Nous avons \u00e0 c\u0153ur d\u2019accompagner <strong data-start=\"2938\" data-end=\"2974\">chaque \u00e9l\u00e8ve dans sa progression<\/strong>, en veillant \u00e0 ce qu\u2019il puisse <strong data-start=\"3006\" data-end=\"3045\">d\u00e9velopper pleinement son potentiel<\/strong>. Pour cela, nous mettons en place :<\/p>\n<p data-start=\"3085\" data-end=\"3411\">\u2705 <strong data-start=\"3087\" data-end=\"3125\">Un suivi p\u00e9dagogique individualis\u00e9<\/strong>, en collaboration avec les parents et les professionnels (PMS, logop\u00e8de).<br data-start=\"3199\" data-end=\"3202\" \/>\u2705 <strong data-start=\"3204\" data-end=\"3244\">Des m\u00e9thodes d\u2019apprentissage vari\u00e9es<\/strong>, alliant travail en groupe, recherches et activit\u00e9s pratiques.<br data-start=\"3307\" data-end=\"3310\" \/>\u2705 <strong data-start=\"3312\" data-end=\"3343\">Un encadrement bienveillant<\/strong>, o\u00f9 chaque enfant est encourag\u00e9 \u00e0 donner le meilleur de lui-m\u00eame.<\/p>\n<p data-start=\"3413\" data-end=\"3606\">Nous accordons \u00e9galement une grande importance au <strong data-start=\"3463\" data-end=\"3524\">d\u00e9veloppement de la cr\u00e9ativit\u00e9 et du bien-\u00eatre des \u00e9l\u00e8ves<\/strong>, en int\u00e9grant des activit\u00e9s artistiques, sportives et culturelles au quotidien.<\/p>\n<p>[\/et_pb_accordion_item][\/et_pb_accordion][et_pb_text _builder_version=\u00a0\u00bb4.27.4&Prime; _module_preset=\u00a0\u00bbdefault\u00a0\u00bb global_colors_info=\u00a0\u00bb{}\u00a0\u00bb]<\/p>\n<p data-start=\"3613\" data-end=\"3883\">L\u2019<strong data-start=\"3615\" data-end=\"3642\">\u00e9cole libre de Poulseur<\/strong>, c\u2019est avant tout <strong data-start=\"3661\" data-end=\"3698\">un lieu d\u2019apprentissage et de vie<\/strong>, o\u00f9 chaque enfant grandit <strong data-start=\"3725\" data-end=\"3773\">dans un environnement chaleureux et motivant<\/strong>. Nous avons \u00e0 c\u0153ur de leur offrir <strong data-start=\"3808\" data-end=\"3880\">les cl\u00e9s pour devenir des citoyens responsables, curieux et \u00e9panouis<\/strong>.<\/p>\n<p data-start=\"3885\" data-end=\"4086\">\ud83d\udca1 <strong data-start=\"3888\" data-end=\"3923\">Vous souhaitez en savoir plus ?<\/strong> Consultez nos pages sur la <strong data-start=\"3951\" data-end=\"4013\">vie scolaire, les projets p\u00e9dagogiques et les inscriptions<\/strong> pour d\u00e9couvrir tout ce que notre \u00e9cole peut offrir \u00e0 votre enfant ! \ud83d\ude0a<\/p>\n<p>[\/et_pb_text][\/et_pb_column][\/et_pb_row][\/et_pb_section]<\/p>\n","protected":false},"excerpt":{"rendered":"<p>\u00c0 l\u2019\u00e9cole libre de Poulseur, nous croyons que chaque enfant est unique et poss\u00e8de un potentiel \u00e0 r\u00e9v\u00e9ler. Notre mission est de lui offrir un environnement bienveillant, stimulant et adapt\u00e9 \u00e0 son \u00e9panouissement. Nous mettons un point d\u2019honneur \u00e0 accompagner nos \u00e9l\u00e8ves dans leur d\u00e9veloppement intellectuel, social et personnel, en favorisant l\u2019autonomie, la cr\u00e9ativit\u00e9 et la coop\u00e9ration. Notre \u00e9tablissement est un lieu o\u00f9 l\u2019apprentissage se fait dans le respect du rythme de chacun, en valorisant l\u2019entraide et la confiance en soi. L\u2019\u00e9quipe \u00e9ducative s\u2019engage \u00e0 mettre en place des m\u00e9thodes p\u00e9dagogiques innovantes, favorisant l\u2019interactivit\u00e9 et la curiosit\u00e9 naturelle des enfants.L\u2019\u00e9cole libre de Poulseur s\u2019inscrit dans la tradition des \u00e9coles chr\u00e9tiennes, en mettant en avant des valeurs d\u2019ouverture, de respect et de solidarit\u00e9. Nous accueillons chaque \u00e9l\u00e8ve dans un esprit de tol\u00e9rance et de bienveillance, quelles que soient ses origines ou convictions. Nos enseignements sont guid\u00e9s par des principes fondamentaux :\u2714 L\u2019attention aux autres : apprendre \u00e0 vivre ensemble dans le respect et la coop\u00e9ration.\u2714 L\u2019engagement et la responsabilit\u00e9 : d\u00e9velopper un esprit critique et des valeurs citoyennes.\u2714 La transmission des savoirs : encourager la d\u00e9couverte et l\u2019apprentissage par l\u2019exp\u00e9rience. Nous int\u00e9grons ces valeurs dans nos projets scolaires et nos activit\u00e9s, [&hellip;]<\/p>\n","protected":false},"author":1,"featured_media":0,"parent":0,"menu_order":0,"comment_status":"closed","ping_status":"closed","template":"","meta":{"_et_pb_use_builder":"on","_et_pb_old_content":"","_et_gb_content_width":"","footnotes":""},"class_list":["post-24","page","type-page","status-publish","hentry"],"_links":{"self":[{"href":"https:\/\/sacrecoeurpoulseur.be\/index.php\/wp-json\/wp\/v2\/pages\/24","targetHints":{"allow":["GET"]}}],"collection":[{"href":"https:\/\/sacrecoeurpoulseur.be\/index.php\/wp-json\/wp\/v2\/pages"}],"about":[{"href":"https:\/\/sacrecoeurpoulseur.be\/index.php\/wp-json\/wp\/v2\/types\/page"}],"author":[{"embeddable":true,"href":"https:\/\/sacrecoeurpoulseur.be\/index.php\/wp-json\/wp\/v2\/users\/1"}],"replies":[{"embeddable":true,"href":"https:\/\/sacrecoeurpoulseur.be\/index.php\/wp-json\/wp\/v2\/comments?post=24"}],"version-history":[{"count":6,"href":"https:\/\/sacrecoeurpoulseur.be\/index.php\/wp-json\/wp\/v2\/pages\/24\/revisions"}],"predecessor-version":[{"id":174,"href":"https:\/\/sacrecoeurpoulseur.be\/index.php\/wp-json\/wp\/v2\/pages\/24\/revisions\/174"}],"wp:attachment":[{"href":"https:\/\/sacrecoeurpoulseur.be\/index.php\/wp-json\/wp\/v2\/media?parent=24"}],"curies":[{"name":"wp","href":"https:\/\/api.w.org\/{rel}","templated":true}]}}