{"id":26,"date":"2025-03-19T17:30:36","date_gmt":"2025-03-19T16:30:36","guid":{"rendered":"https:\/\/sacrecoeurpoulseur.be\/?page_id=26"},"modified":"2025-06-23T15:45:31","modified_gmt":"2025-06-23T13:45:31","slug":"vie-scolaire","status":"publish","type":"page","link":"https:\/\/sacrecoeurpoulseur.be\/index.php\/vie-scolaire\/","title":{"rendered":"Vie scolaire"},"content":{"rendered":"<p>[et_pb_section fb_built=\u00a0\u00bb1&Prime; _builder_version=\u00a0\u00bb4.27.4&Prime; _module_preset=\u00a0\u00bbdefault\u00a0\u00bb global_colors_info=\u00a0\u00bb{}\u00a0\u00bb][et_pb_row _builder_version=\u00a0\u00bb4.27.4&Prime; _module_preset=\u00a0\u00bbdefault\u00a0\u00bb global_colors_info=\u00a0\u00bb{}\u00a0\u00bb][et_pb_column type=\u00a0\u00bb4_4&Prime; _builder_version=\u00a0\u00bb4.27.4&Prime; _module_preset=\u00a0\u00bbdefault\u00a0\u00bb global_colors_info=\u00a0\u00bb{}\u00a0\u00bb][et_pb_text _builder_version=\u00a0\u00bb4.27.4&Prime; _module_preset=\u00a0\u00bbdefault\u00a0\u00bb background_color=\u00a0\u00bb#F4E1E9&Prime; custom_padding=\u00a0\u00bb10px|10px|10px|10px|false|false\u00a0\u00bb global_colors_info=\u00a0\u00bb{}\u00a0\u00bb]<\/p>\n<h3 data-start=\"239\" data-end=\"305\"><strong data-start=\"243\" data-end=\"303\">Un cadre structurant et bienveillant pour bien apprendre<\/strong><\/h3>\n<p data-start=\"306\" data-end=\"638\">\u00c0 l\u2019<strong data-start=\"310\" data-end=\"337\">\u00e9cole libre de Poulseur<\/strong>, nous avons \u00e0 c\u0153ur d\u2019offrir \u00e0 chaque \u00e9l\u00e8ve <strong data-start=\"381\" data-end=\"424\">un environnement rassurant et stimulant<\/strong>, favorisant l\u2019apprentissage et l\u2019\u00e9panouissement personnel. La vie scolaire est organis\u00e9e de mani\u00e8re \u00e0 r\u00e9pondre aux besoins des enfants, en veillant \u00e0 leur <strong data-start=\"580\" data-end=\"635\">rythme, leur bien-\u00eatre et leur d\u00e9veloppement social<\/strong>.<\/p>\n<p data-start=\"640\" data-end=\"810\">Nos journ\u00e9es sont rythm\u00e9es par des <strong data-start=\"675\" data-end=\"726\">temps d\u2019apprentissage, de jeux et de d\u00e9couverte<\/strong>, pour permettre \u00e0 chaque \u00e9l\u00e8ve de progresser tout en prenant plaisir \u00e0 apprendre.<\/p>\n<p data-start=\"640\" data-end=\"810\">[\/et_pb_text][\/et_pb_column][\/et_pb_row][et_pb_row _builder_version=\u00a0\u00bb4.27.4&Prime; _module_preset=\u00a0\u00bbdefault\u00a0\u00bb global_colors_info=\u00a0\u00bb{}\u00a0\u00bb][et_pb_column type=\u00a0\u00bb4_4&Prime; _builder_version=\u00a0\u00bb4.27.4&Prime; _module_preset=\u00a0\u00bbdefault\u00a0\u00bb global_colors_info=\u00a0\u00bb{}\u00a0\u00bb][et_pb_text _builder_version=\u00a0\u00bb4.27.4&Prime; _module_preset=\u00a0\u00bbdefault\u00a0\u00bb global_colors_info=\u00a0\u00bb{}\u00a0\u00bb]<\/p>\n<h2 data-start=\"817\" data-end=\"847\"><strong data-start=\"820\" data-end=\"845\">\ud83d\udcc5 Horaire de l\u2019\u00e9cole<\/strong><\/h2>\n<div class=\"overflow-x-auto contain-inline-size\">\n<table data-start=\"899\" data-end=\"1295\" node=\"[object Object]\">\n<thead data-start=\"899\" data-end=\"940\">\n<tr data-start=\"899\" data-end=\"940\">\n<th data-start=\"899\" data-end=\"919\"><strong data-start=\"901\" data-end=\"912\">Horaire<\/strong><\/th>\n<th data-start=\"919\" data-end=\"940\"><strong data-start=\"921\" data-end=\"937\">Organisation<\/strong><\/th>\n<\/tr>\n<\/thead>\n<tbody data-start=\"981\" data-end=\"1295\">\n<tr data-start=\"981\" data-end=\"1045\">\n<td><strong data-start=\"983\" data-end=\"991\">8h30<\/strong><\/td>\n<td>Ouverture des portes \u2013 Accueil des \u00e9l\u00e8ves<\/td>\n<\/tr>\n<tr data-start=\"1046\" data-end=\"1083\">\n<td><strong data-start=\"1048\" data-end=\"1064\">8h50 &#8211; 12h30<\/strong><\/td>\n<td>Cours du matin<\/td>\n<\/tr>\n<tr data-start=\"1084\" data-end=\"1118\">\n<td><strong data-start=\"1086\" data-end=\"1103\">10h30 &#8211; 10h50<\/strong><\/td>\n<td>R\u00e9cr\u00e9ation<\/td>\n<\/tr>\n<tr data-start=\"1119\" data-end=\"1157\">\n<td><strong data-start=\"1121\" data-end=\"1138\">12h30 &#8211; 13h30<\/strong><\/td>\n<td>Pause d\u00e9jeuner<\/td>\n<\/tr>\n<tr data-start=\"1158\" data-end=\"1203\">\n<td><strong data-start=\"1160\" data-end=\"1177\">13h30 &#8211; 15h30<\/strong><\/td>\n<td>Cours de l\u2019apr\u00e8s-midi<\/td>\n<\/tr>\n<tr data-start=\"1204\" data-end=\"1238\">\n<td><strong data-start=\"1206\" data-end=\"1223\">14h20 &#8211; 14h40<\/strong><\/td>\n<td>R\u00e9cr\u00e9ation<\/td>\n<\/tr>\n<tr data-start=\"1239\" data-end=\"1295\">\n<td><strong data-start=\"1241\" data-end=\"1250\">15h30<\/strong><\/td>\n<td>Fin des cours \u2013 Sortie des \u00e9l\u00e8ves<\/td>\n<\/tr>\n<\/tbody>\n<\/table>\n<\/div>\n<p data-start=\"1297\" data-end=\"1367\">\u26a0\ufe0f <strong data-start=\"1300\" data-end=\"1336\">Garderie assur\u00e9e de 7h15 \u00e0 18h00<\/strong> (jusqu\u2019\u00e0 17h00 le mercredi).<\/p>\n<p data-start=\"1297\" data-end=\"1367\">[\/et_pb_text][et_pb_divider _builder_version=\u00a0\u00bb4.27.4&Prime; _module_preset=\u00a0\u00bbdefault\u00a0\u00bb global_colors_info=\u00a0\u00bb{}\u00a0\u00bb][\/et_pb_divider][\/et_pb_column][\/et_pb_row][et_pb_row _builder_version=\u00a0\u00bb4.27.4&Prime; _module_preset=\u00a0\u00bbdefault\u00a0\u00bb global_colors_info=\u00a0\u00bb{}\u00a0\u00bb][et_pb_column type=\u00a0\u00bb4_4&Prime; _builder_version=\u00a0\u00bb4.27.4&Prime; _module_preset=\u00a0\u00bbdefault\u00a0\u00bb global_colors_info=\u00a0\u00bb{}\u00a0\u00bb][et_pb_text _builder_version=\u00a0\u00bb4.27.4&Prime; _module_preset=\u00a0\u00bbdefault\u00a0\u00bb global_colors_info=\u00a0\u00bb{}\u00a0\u00bb]<\/p>\n<h2>\ud83c\udf92 Mat\u00e9riel scolaire et organisation<\/h2>\n<p>[\/et_pb_text][et_pb_toggle title=\u00a0\u00bb\ud83d\udccc Liste des fournitures scolaires\u00a0\u00bb icon_color=\u00a0\u00bb#11A072&Prime; _builder_version=\u00a0\u00bb4.27.4&Prime; _module_preset=\u00a0\u00bbdefault\u00a0\u00bb global_colors_info=\u00a0\u00bb{}\u00a0\u00bb]<\/p>\n<p data-start=\"1491\" data-end=\"1521\">Chaque \u00e9l\u00e8ve doit apporter :<\/p>\n<ul data-start=\"1522\" data-end=\"1740\">\n<li data-start=\"1522\" data-end=\"1544\">Un cartable adapt\u00e9<\/li>\n<li data-start=\"1545\" data-end=\"1615\">Des cahiers et fardes sp\u00e9cifiques (liste fournie en d\u00e9but d\u2019ann\u00e9e)<\/li>\n<li data-start=\"1616\" data-end=\"1682\">Une trousse compl\u00e8te (stylos, crayons, gomme, ciseaux, colle\u2026)<\/li>\n<li data-start=\"1683\" data-end=\"1740\">Une tenue de sport pour la gymnastique et la natation<\/li>\n<\/ul>\n<p>[\/et_pb_toggle][et_pb_toggle title=\u00a0\u00bb\ud83d\uddc2\ufe0f Organisation du travail\u00a0\u00bb icon_color=\u00a0\u00bb#11A072&Prime; _builder_version=\u00a0\u00bb4.27.4&Prime; _module_preset=\u00a0\u00bbdefault\u00a0\u00bb custom_margin=\u00a0\u00bb||22px|||\u00a0\u00bb global_colors_info=\u00a0\u00bb{}\u00a0\u00bb]<\/p>\n<p data-start=\"1491\" data-end=\"1521\">Nous encourageons nos \u00e9l\u00e8ves \u00e0 d\u00e9velopper <strong data-start=\"1822\" data-end=\"1855\">de bonnes habitudes scolaires<\/strong> :<br data-start=\"1857\" data-end=\"1860\" \/>\u2705 Un <strong data-start=\"1865\" data-end=\"1886\">journal de classe<\/strong> pour noter les devoirs et le\u00e7ons \u00e0 retenir<br data-start=\"1929\" data-end=\"1932\" \/>\u2705 Un <strong data-start=\"1937\" data-end=\"1970\">espace de rangement personnel<\/strong> pour leur mat\u00e9riel<br data-start=\"1989\" data-end=\"1992\" \/>\u2705 Une <strong data-start=\"1998\" data-end=\"2032\">m\u00e9thode de travail progressive<\/strong>, adapt\u00e9e \u00e0 leur \u00e2ge<\/p>\n<p>[\/et_pb_toggle][et_pb_divider _builder_version=\u00a0\u00bb4.27.4&Prime; _module_preset=\u00a0\u00bbdefault\u00a0\u00bb global_colors_info=\u00a0\u00bb{}\u00a0\u00bb][\/et_pb_divider][\/et_pb_column][\/et_pb_row][et_pb_row _builder_version=\u00a0\u00bb4.27.4&Prime; _module_preset=\u00a0\u00bbdefault\u00a0\u00bb custom_padding=\u00a0\u00bb||6px|||\u00a0\u00bb global_colors_info=\u00a0\u00bb{}\u00a0\u00bb][et_pb_column type=\u00a0\u00bb4_4&Prime; _builder_version=\u00a0\u00bb4.27.4&Prime; _module_preset=\u00a0\u00bbdefault\u00a0\u00bb global_colors_info=\u00a0\u00bb{}\u00a0\u00bb][et_pb_text _builder_version=\u00a0\u00bb4.27.4&Prime; _module_preset=\u00a0\u00bbdefault\u00a0\u00bb global_colors_info=\u00a0\u00bb{}\u00a0\u00bb]<\/p>\n<h2 data-start=\"2061\" data-end=\"2113\"><strong data-start=\"2064\" data-end=\"2111\">\ud83d\udeb8 Entr\u00e9es et sorties : s\u00e9curit\u00e9 avant tout<\/strong><\/h2>\n<p data-start=\"2145\" data-end=\"2244\">\ud83d\udccd <strong data-start=\"2148\" data-end=\"2168\">Arriv\u00e9e le matin<\/strong><br data-start=\"2168\" data-end=\"2171\" \/>Les enfants sont accueillis directement en classe \u00e0 partir de <strong data-start=\"2233\" data-end=\"2241\">8h30<\/strong>.<\/p>\n<p data-start=\"2246\" data-end=\"2417\">\ud83d\udeb6 <strong data-start=\"2249\" data-end=\"2267\">Sortie \u00e0 15h30<\/strong><br data-start=\"2267\" data-end=\"2270\" \/>Les \u00e9l\u00e8ves doivent \u00eatre repris par <strong data-start=\"2305\" data-end=\"2327\">un adulte autoris\u00e9<\/strong>. Un formulaire est \u00e0 compl\u00e9ter en d\u00e9but d\u2019ann\u00e9e pour les enfants pouvant rentrer seuls.<\/p>\n<p data-start=\"2419\" data-end=\"2525\">\ud83d\ude8c <strong data-start=\"2422\" data-end=\"2444\">Transport scolaire<\/strong><br data-start=\"2444\" data-end=\"2447\" \/>Un service de bus est disponible selon les trajets organis\u00e9s par la commune.<\/p>\n<p data-start=\"2527\" data-end=\"2691\">\u23f3 <strong data-start=\"2529\" data-end=\"2552\">Retards et absences<\/strong><br data-start=\"2552\" data-end=\"2555\" \/>Tout retard doit \u00eatre <strong data-start=\"2577\" data-end=\"2612\">justifi\u00e9 aupr\u00e8s de la direction<\/strong>. Les absences doivent \u00eatre signal\u00e9es avant <strong data-start=\"2656\" data-end=\"2664\">9h00<\/strong> par t\u00e9l\u00e9phone ou e-mail.<\/p>\n<p>[\/et_pb_text][et_pb_divider _builder_version=\u00a0\u00bb4.27.4&Prime; _module_preset=\u00a0\u00bbdefault\u00a0\u00bb global_colors_info=\u00a0\u00bb{}\u00a0\u00bb][\/et_pb_divider][\/et_pb_column][\/et_pb_row][et_pb_row _builder_version=\u00a0\u00bb4.27.4&Prime; _module_preset=\u00a0\u00bbdefault\u00a0\u00bb custom_margin=\u00a0\u00bb25px|auto||auto||\u00a0\u00bb custom_padding=\u00a0\u00bb16px||12px|||\u00a0\u00bb global_colors_info=\u00a0\u00bb{}\u00a0\u00bb][et_pb_column type=\u00a0\u00bb4_4&Prime; _builder_version=\u00a0\u00bb4.27.4&Prime; _module_preset=\u00a0\u00bbdefault\u00a0\u00bb global_colors_info=\u00a0\u00bb{}\u00a0\u00bb][et_pb_text _builder_version=\u00a0\u00bb4.27.4&Prime; _module_preset=\u00a0\u00bbdefault\u00a0\u00bb global_colors_info=\u00a0\u00bb{}\u00a0\u00bb]<\/p>\n<h2>\ud83e\udd57 Repas et collations<\/h2>\n<p>[\/et_pb_text][\/et_pb_column][\/et_pb_row][et_pb_row column_structure=\u00a0\u00bb1_3,1_3,1_3&Prime; _builder_version=\u00a0\u00bb4.27.4&Prime; _module_preset=\u00a0\u00bbdefault\u00a0\u00bb global_colors_info=\u00a0\u00bb{}\u00a0\u00bb][et_pb_column type=\u00a0\u00bb1_3&Prime; _builder_version=\u00a0\u00bb4.27.4&Prime; _module_preset=\u00a0\u00bbdefault\u00a0\u00bb global_colors_info=\u00a0\u00bb{}\u00a0\u00bb][et_pb_text _builder_version=\u00a0\u00bb4.27.4&Prime; _module_preset=\u00a0\u00bbdefault\u00a0\u00bb global_colors_info=\u00a0\u00bb{}\u00a0\u00bb]<\/p>\n<h3 style=\"text-align: center;\">\ud83e\udd6a<br \/><strong data-start=\"2764\" data-end=\"2783\">D\u00eener \u00e0 l\u2019\u00e9cole<\/strong><\/h3>\n<p style=\"text-align: justify;\">Les enfants peuvent <strong data-start=\"2806\" data-end=\"2835\">apporter leur pique-nique<\/strong> ou b\u00e9n\u00e9ficier (ou pas) du <strong data-start=\"2853\" data-end=\"2882\">service de soupe gratuite<\/strong> propos\u00e9 par la commune.<\/p>\n<p>[\/et_pb_text][\/et_pb_column][et_pb_column type=\u00a0\u00bb1_3&Prime; _builder_version=\u00a0\u00bb4.27.4&Prime; _module_preset=\u00a0\u00bbdefault\u00a0\u00bb global_colors_info=\u00a0\u00bb{}\u00a0\u00bb][et_pb_text _builder_version=\u00a0\u00bb4.27.4&Prime; _module_preset=\u00a0\u00bbdefault\u00a0\u00bb global_colors_info=\u00a0\u00bb{}\u00a0\u00bb]<\/p>\n<h3 style=\"text-align: center;\">\ud83c\udf4f <br \/><strong data-start=\"2913\" data-end=\"2934\">Collations saines<\/strong><\/h3>\n<p style=\"text-align: justify;\">Nous encourageons des go\u00fbters \u00e9quilibr\u00e9s: <strong data-start=\"2980\" data-end=\"3020\">fruits, compote, biscuits peu sucr\u00e9s<\/strong>.<\/p>\n<p>[\/et_pb_text][\/et_pb_column][et_pb_column type=\u00a0\u00bb1_3&Prime; _builder_version=\u00a0\u00bb4.27.4&Prime; _module_preset=\u00a0\u00bbdefault\u00a0\u00bb global_colors_info=\u00a0\u00bb{}\u00a0\u00bb][et_pb_text _builder_version=\u00a0\u00bb4.27.4&Prime; _module_preset=\u00a0\u00bbdefault\u00a0\u00bb global_colors_info=\u00a0\u00bb{}\u00a0\u00bb]<\/p>\n<h3 style=\"text-align: center;\">\ud83d\udeab<br \/><strong data-start=\"3028\" data-end=\"3059\">Boissons sucr\u00e9es \u00e0 \u00e9viter<\/strong><\/h3>\n<p style=\"text-align: justify;\">Nous encourageons \u00e0 ne consommer que de l&rsquo;<strong>eau<\/strong> en classe et pendant les repas.<\/p>\n<p>[\/et_pb_text][\/et_pb_column][\/et_pb_row][et_pb_row _builder_version=\u00a0\u00bb4.27.4&Prime; _module_preset=\u00a0\u00bbdefault\u00a0\u00bb global_colors_info=\u00a0\u00bb{}\u00a0\u00bb][et_pb_column type=\u00a0\u00bb4_4&Prime; _builder_version=\u00a0\u00bb4.27.4&Prime; _module_preset=\u00a0\u00bbdefault\u00a0\u00bb global_colors_info=\u00a0\u00bb{}\u00a0\u00bb][et_pb_divider _builder_version=\u00a0\u00bb4.27.4&Prime; _module_preset=\u00a0\u00bbdefault\u00a0\u00bb global_colors_info=\u00a0\u00bb{}\u00a0\u00bb][\/et_pb_divider][\/et_pb_column][\/et_pb_row][et_pb_row _builder_version=\u00a0\u00bb4.27.4&Prime; _module_preset=\u00a0\u00bbdefault\u00a0\u00bb global_colors_info=\u00a0\u00bb{}\u00a0\u00bb][et_pb_column type=\u00a0\u00bb4_4&Prime; _builder_version=\u00a0\u00bb4.27.4&Prime; _module_preset=\u00a0\u00bbdefault\u00a0\u00bb global_colors_info=\u00a0\u00bb{}\u00a0\u00bb][et_pb_text _builder_version=\u00a0\u00bb4.27.4&Prime; _module_preset=\u00a0\u00bbdefault\u00a0\u00bb global_colors_info=\u00a0\u00bb{}\u00a0\u00bb]<\/p>\n<h2>\ud83c\udfad Vie en classe et dans la cour<\/h2>\n<p>[\/et_pb_text][et_pb_accordion open_toggle_background_color=\u00a0\u00bb#F4E1E9&Prime; _builder_version=\u00a0\u00bb4.27.4&Prime; _module_preset=\u00a0\u00bbdefault\u00a0\u00bb global_colors_info=\u00a0\u00bb{}\u00a0\u00bb][et_pb_accordion_item title=\u00a0\u00bb\ud83d\udcd6 R\u00e8gles de vie en classe\u00a0\u00bb open=\u00a0\u00bbon\u00a0\u00bb _builder_version=\u00a0\u00bb4.27.4&Prime; _module_preset=\u00a0\u00bbdefault\u00a0\u00bb global_colors_info=\u00a0\u00bb{}\u00a0\u00bb]<\/p>\n<ul>\n<li data-start=\"3232\" data-end=\"3278\">Respecter les enseignants et ses camarades<\/li>\n<li data-start=\"3279\" data-end=\"3314\">Participer activement aux cours<\/li>\n<li data-start=\"3315\" data-end=\"3353\">Ranger et prendre soin du mat\u00e9riel<\/li>\n<\/ul>\n<p>[\/et_pb_accordion_item][et_pb_accordion_item title=\u00a0\u00bb\ud83c\udfb2 Jeux et r\u00e9cr\u00e9ations\u00a0\u00bb _builder_version=\u00a0\u00bb4.27.4&Prime; _module_preset=\u00a0\u00bbdefault\u00a0\u00bb global_colors_info=\u00a0\u00bb{}\u00a0\u00bb open=\u00a0\u00bboff\u00a0\u00bb]<\/p>\n<ul>\n<li data-start=\"3388\" data-end=\"3427\">Espaces adapt\u00e9s aux diff\u00e9rents \u00e2ges (coin vert, coin col\u00e8re, coin apr\u00e8s la temp\u00eate, coin calme)<\/li>\n<li data-start=\"3428\" data-end=\"3458\">Jeux collectifs encourag\u00e9s<\/li>\n<li data-start=\"3459\" data-end=\"3512\">Surveillance permanente pour garantir la s\u00e9curit\u00e9<\/li>\n<\/ul>\n<p>[\/et_pb_accordion_item][et_pb_accordion_item title=\u00a0\u00bb\u274c Interdictions\u00a0\u00bb _builder_version=\u00a0\u00bb4.27.4&Prime; _module_preset=\u00a0\u00bbdefault\u00a0\u00bb global_colors_info=\u00a0\u00bb{}\u00a0\u00bb open=\u00a0\u00bboff\u00a0\u00bb]<\/p>\n<ul>\n<li data-start=\"3540\" data-end=\"3594\">T\u00e9l\u00e9phones, montres connect\u00e9es et objets de valeur<\/li>\n<li data-start=\"3595\" data-end=\"3621\">Violences et moqueries<\/li>\n<li data-start=\"3622\" data-end=\"3670\">Sortir des espaces autoris\u00e9s sans permission<\/li>\n<\/ul>\n<p>[\/et_pb_accordion_item][\/et_pb_accordion][et_pb_divider _builder_version=\u00a0\u00bb4.27.4&Prime; _module_preset=\u00a0\u00bbdefault\u00a0\u00bb global_colors_info=\u00a0\u00bb{}\u00a0\u00bb][\/et_pb_divider][\/et_pb_column][\/et_pb_row][et_pb_row _builder_version=\u00a0\u00bb4.27.4&Prime; _module_preset=\u00a0\u00bbdefault\u00a0\u00bb global_colors_info=\u00a0\u00bb{}\u00a0\u00bb][et_pb_column type=\u00a0\u00bb4_4&Prime; _builder_version=\u00a0\u00bb4.27.4&Prime; _module_preset=\u00a0\u00bbdefault\u00a0\u00bb global_colors_info=\u00a0\u00bb{}\u00a0\u00bb][et_pb_text _builder_version=\u00a0\u00bb4.27.4&Prime; _module_preset=\u00a0\u00bbdefault\u00a0\u00bb global_colors_info=\u00a0\u00bb{}\u00a0\u00bb]<\/p>\n<h2 data-start=\"3677\" data-end=\"3737\"><strong data-start=\"3680\" data-end=\"3735\">\ud83c\udfeb<br \/>Activit\u00e9s extrascolaires<br \/>&amp; sorties p\u00e9dagogiques<\/strong><\/h2>\n<p data-start=\"3790\" data-end=\"4113\">\ud83c\udfa8 <strong data-start=\"3793\" data-end=\"3818\">Activit\u00e9s artistiques<\/strong> : dessin, peinture, musique, th\u00e9\u00e2tre<br data-start=\"3855\" data-end=\"3858\" \/>\ud83c\udfc5 <strong data-start=\"3861\" data-end=\"3890\">Sports et psychomotricit\u00e9<\/strong> : natation, gymnastique, jeux d\u2019\u00e9quipe<br data-start=\"3929\" data-end=\"3932\" \/>\ud83c\udf3f <strong data-start=\"3935\" data-end=\"3966\">\u00c9ducation \u00e0 l\u2019environnement<\/strong> : potager scolaire, tri des d\u00e9chets, d\u00e9couverte de la nature<br \/>\ud83c\udf3f <strong data-start=\"3935\" data-end=\"3966\">Classes vertes<\/strong> : Des classes vertes sont organis\u00e9es tous les deux ans pour les classes de P1-P2 et P5-P6<br data-start=\"4027\" data-end=\"4030\" \/>\ud83d\udcda <strong data-start=\"4033\" data-end=\"4056\">Sorties culturelles<\/strong> : visites de mus\u00e9es, spectacles, excursions \u00e9ducatives<\/p>\n<p data-start=\"4115\" data-end=\"4333\">Nous organisons \u00e9galement <strong data-start=\"4141\" data-end=\"4183\">des festivit\u00e9s tout au long de l\u2019ann\u00e9e<\/strong>:<br \/><strong>\ud83c\udfa8 Exposition PECA<\/strong> en mai<br \/>(Parcours d&rsquo;\u00e9ducation Culturelle et Artistique)<br \/>\ud83c\udf89 <strong data-start=\"4191\" data-end=\"4210\">Fancy-Fair<\/strong> en juin<br data-start=\"4218\" data-end=\"4221\" \/>\ud83c\udf85 <strong data-start=\"4224\" data-end=\"4251\">Visite de Saint-Nicolas<\/strong> en d\u00e9cembre<br \/>\ud83c\udf85 <strong data-start=\"4224\" data-end=\"4251\">C\u00e9l\u00e9bration de No\u00ebl<\/strong>\u00a0en d\u00e9cembre<br data-start=\"4263\" data-end=\"4266\" \/>\ud83c\udfad <strong data-start=\"4269\" data-end=\"4297\">Carnaval et d\u00e9guisements<\/strong><br data-start=\"4297\" data-end=\"4300\" \/>\ud83c\udf1f <strong data-start=\"4303\" data-end=\"4331\">Spectacle de fin d\u2019ann\u00e9e<\/strong><\/p>\n<p>[\/et_pb_text][\/et_pb_column][\/et_pb_row][\/et_pb_section]<\/p>\n","protected":false},"excerpt":{"rendered":"<p>Un cadre structurant et bienveillant pour bien apprendre \u00c0 l\u2019\u00e9cole libre de Poulseur, nous avons \u00e0 c\u0153ur d\u2019offrir \u00e0 chaque \u00e9l\u00e8ve un environnement rassurant et stimulant, favorisant l\u2019apprentissage et l\u2019\u00e9panouissement personnel. La vie scolaire est organis\u00e9e de mani\u00e8re \u00e0 r\u00e9pondre aux besoins des enfants, en veillant \u00e0 leur rythme, leur bien-\u00eatre et leur d\u00e9veloppement social. Nos journ\u00e9es sont rythm\u00e9es par des temps d\u2019apprentissage, de jeux et de d\u00e9couverte, pour permettre \u00e0 chaque \u00e9l\u00e8ve de progresser tout en prenant plaisir \u00e0 apprendre. \ud83d\udcc5 Horaire de l\u2019\u00e9cole Horaire Organisation 8h30 Ouverture des portes \u2013 Accueil des \u00e9l\u00e8ves 8h50 &#8211; 12h30 Cours du matin 10h30 &#8211; 10h50 R\u00e9cr\u00e9ation 12h30 &#8211; 13h30 Pause d\u00e9jeuner 13h30 &#8211; 15h30 Cours de l\u2019apr\u00e8s-midi 14h20 &#8211; 14h40 R\u00e9cr\u00e9ation 15h30 Fin des cours \u2013 Sortie des \u00e9l\u00e8ves \u26a0\ufe0f Garderie assur\u00e9e de 7h15 \u00e0 18h00 (jusqu\u2019\u00e0 17h00 le mercredi). \ud83c\udf92 Mat\u00e9riel scolaire et organisationChaque \u00e9l\u00e8ve doit apporter : Un cartable adapt\u00e9 Des cahiers et fardes sp\u00e9cifiques (liste fournie en d\u00e9but d\u2019ann\u00e9e) Une trousse compl\u00e8te (stylos, crayons, gomme, ciseaux, colle\u2026) Une tenue de sport pour la gymnastique et la natation Nous encourageons nos \u00e9l\u00e8ves \u00e0 d\u00e9velopper de bonnes habitudes scolaires :\u2705 Un journal de classe pour noter les devoirs et le\u00e7ons [&hellip;]<\/p>\n","protected":false},"author":1,"featured_media":0,"parent":0,"menu_order":0,"comment_status":"closed","ping_status":"closed","template":"","meta":{"_et_pb_use_builder":"on","_et_pb_old_content":"","_et_gb_content_width":"","footnotes":""},"class_list":["post-26","page","type-page","status-publish","hentry"],"_links":{"self":[{"href":"https:\/\/sacrecoeurpoulseur.be\/index.php\/wp-json\/wp\/v2\/pages\/26","targetHints":{"allow":["GET"]}}],"collection":[{"href":"https:\/\/sacrecoeurpoulseur.be\/index.php\/wp-json\/wp\/v2\/pages"}],"about":[{"href":"https:\/\/sacrecoeurpoulseur.be\/index.php\/wp-json\/wp\/v2\/types\/page"}],"author":[{"embeddable":true,"href":"https:\/\/sacrecoeurpoulseur.be\/index.php\/wp-json\/wp\/v2\/users\/1"}],"replies":[{"embeddable":true,"href":"https:\/\/sacrecoeurpoulseur.be\/index.php\/wp-json\/wp\/v2\/comments?post=26"}],"version-history":[{"count":11,"href":"https:\/\/sacrecoeurpoulseur.be\/index.php\/wp-json\/wp\/v2\/pages\/26\/revisions"}],"predecessor-version":[{"id":213,"href":"https:\/\/sacrecoeurpoulseur.be\/index.php\/wp-json\/wp\/v2\/pages\/26\/revisions\/213"}],"wp:attachment":[{"href":"https:\/\/sacrecoeurpoulseur.be\/index.php\/wp-json\/wp\/v2\/media?parent=26"}],"curies":[{"name":"wp","href":"https:\/\/api.w.org\/{rel}","templated":true}]}}