{"id":28,"date":"2025-03-19T17:30:52","date_gmt":"2025-03-19T16:30:52","guid":{"rendered":"https:\/\/sacrecoeurpoulseur.be\/?page_id=28"},"modified":"2025-06-23T15:44:16","modified_gmt":"2025-06-23T13:44:16","slug":"inscriptions-et-reglements","status":"publish","type":"page","link":"https:\/\/sacrecoeurpoulseur.be\/index.php\/inscriptions-et-reglements\/","title":{"rendered":"Inscriptions et r\u00e8glements"},"content":{"rendered":"<p>[et_pb_section fb_built=\u00a0\u00bb1&Prime; _builder_version=\u00a0\u00bb4.27.4&Prime; _module_preset=\u00a0\u00bbdefault\u00a0\u00bb global_colors_info=\u00a0\u00bb{}\u00a0\u00bb][et_pb_row _builder_version=\u00a0\u00bb4.27.4&Prime; _module_preset=\u00a0\u00bbdefault\u00a0\u00bb global_colors_info=\u00a0\u00bb{}\u00a0\u00bb][et_pb_column type=\u00a0\u00bb4_4&Prime; _builder_version=\u00a0\u00bb4.27.4&Prime; _module_preset=\u00a0\u00bbdefault\u00a0\u00bb global_colors_info=\u00a0\u00bb{}\u00a0\u00bb][et_pb_text _builder_version=\u00a0\u00bb4.27.4&Prime; _module_preset=\u00a0\u00bbdefault\u00a0\u00bb global_colors_info=\u00a0\u00bb{}\u00a0\u00bb]<\/p>\n<h2 data-start=\"337\" data-end=\"398\" class=\"\"><strong data-start=\"340\" data-end=\"396\">Inscrire votre enfant \u00e0 l\u2019\u00e9cole libre de Poulseur<\/strong><\/h2>\n<p data-start=\"400\" data-end=\"654\" class=\"\">Nous accueillons les enfants en <strong data-start=\"432\" data-end=\"461\">maternelle et en primaire<\/strong>, tout au long de l\u2019ann\u00e9e, selon les places disponibles. L\u2019inscription est une d\u00e9marche simple et rapide, mais elle implique <strong data-start=\"586\" data-end=\"653\">l\u2019adh\u00e9sion aux projets \u00e9ducatif, p\u00e9dagogique et d\u2019\u00e9tablissement<\/strong>.<\/p>\n<p data-start=\"400\" data-end=\"654\" class=\"\">\n<h3 data-start=\"656\" data-end=\"683\" class=\"\">\ud83d\udccc D\u00e9marches \u00e0 suivre :<\/h3>\n<ol>\n<li data-start=\"656\" data-end=\"683\"><strong data-start=\"687\" data-end=\"707\" style=\"font-size: 16px;\">Prise de contact<\/strong><span style=\"font-size: 16px;\"> avec la direction pour un rendez-vous (visite possible de l\u2019\u00e9cole).<\/span><\/li>\n<li data-start=\"656\" data-end=\"683\"><strong data-start=\"779\" data-end=\"818\" style=\"font-size: 16px;\">Remplir le formulaire d\u2019inscription<\/strong><span style=\"font-size: 16px;\"> (disponible \u00e0 l\u2019\u00e9cole).<\/span><\/li>\n<li data-start=\"656\" data-end=\"683\"><span style=\"font-size: 16px;\">Fournir les documents suivants :<\/span><\/li>\n<\/ol>\n<ul>\n<li data-start=\"656\" data-end=\"683\"><span style=\"font-size: 16px;\">Une copie de la <\/span><strong data-start=\"917\" data-end=\"968\" style=\"font-size: 16px;\">carte d\u2019identit\u00e9 ou extrait d\u2019acte de naissance<\/strong><span style=\"font-size: 16px;\"> de l\u2019enfant<\/span><\/li>\n<li data-start=\"656\" data-end=\"683\"><span style=\"font-size: 16px;\">Le <\/span><strong data-start=\"991\" data-end=\"1016\" style=\"font-size: 16px;\">carnet de vaccination<\/strong><\/li>\n<li data-start=\"656\" data-end=\"683\"><span style=\"font-size: 16px;\">En cas de changement d\u2019\u00e9cole <span style=\"text-decoration: underline;\">apr\u00e8s le premier jour de l&rsquo;ann\u00e9e scolaire<\/span> : demande de changement de l&rsquo;\u00e9cole de d\u00e9part<\/span><\/li>\n<\/ul>\n<p><strong data-start=\"1059\" data-end=\"1109\" style=\"font-size: 16px;\"><\/strong><\/p>\n<p><strong data-start=\"1059\" data-end=\"1109\" style=\"font-size: 16px;\"><\/strong><\/p>\n<h3 data-start=\"1111\" data-end=\"1141\" class=\"\">\ud83d\udcc5 P\u00e9riodes recommand\u00e9es :<\/h3>\n<ul data-start=\"1142\" data-end=\"1244\">\n<li data-start=\"1142\" data-end=\"1187\" class=\"\">\n<p data-start=\"1144\" data-end=\"1187\" class=\"\">De pr\u00e9f\u00e9rence <strong data-start=\"1158\" data-end=\"1187\">avant la rentr\u00e9e scolaire<\/strong><\/p>\n<\/li>\n<li data-start=\"1188\" data-end=\"1244\" class=\"\">\n<p data-start=\"1190\" data-end=\"1244\" class=\"\">Inscription en maternelle possible <strong data-start=\"1227\" data-end=\"1244\">toute l\u2019ann\u00e9e<\/strong><\/p>\n<\/li>\n<\/ul>\n<p data-start=\"1246\" data-end=\"1367\" class=\"\">\ud83d\udcde N\u2019h\u00e9sitez pas \u00e0 <strong data-start=\"1265\" data-end=\"1283\">nous contacter<\/strong> pour toute question ou pour prendre rendez-vous :<\/p>\n<p>[\/et_pb_text][\/et_pb_column][\/et_pb_row][et_pb_row column_structure=\u00a0\u00bb1_2,1_2&Prime; _builder_version=\u00a0\u00bb4.27.4&Prime; _module_preset=\u00a0\u00bbdefault\u00a0\u00bb global_colors_info=\u00a0\u00bb{}\u00a0\u00bb][et_pb_column type=\u00a0\u00bb1_2&Prime; _builder_version=\u00a0\u00bb4.27.4&Prime; _module_preset=\u00a0\u00bbdefault\u00a0\u00bb global_colors_info=\u00a0\u00bb{}\u00a0\u00bb][et_pb_button button_url=\u00a0\u00bbmailto:direction@sacrecoeurpoulseur.be\u00a0\u00bb button_text=\u00a0\u00bbdirection@sacrecoeurpoulseur.be\u00a0\u00bb button_alignment=\u00a0\u00bbcenter\u00a0\u00bb _builder_version=\u00a0\u00bb4.27.4&Prime; _module_preset=\u00a0\u00bbdefault\u00a0\u00bb global_colors_info=\u00a0\u00bb{}\u00a0\u00bb][\/et_pb_button][\/et_pb_column][et_pb_column type=\u00a0\u00bb1_2&Prime; _builder_version=\u00a0\u00bb4.27.4&Prime; _module_preset=\u00a0\u00bbdefault\u00a0\u00bb global_colors_info=\u00a0\u00bb{}\u00a0\u00bb][et_pb_button button_url=\u00a0\u00bbtel:003243804600&Prime; button_text=\u00a0\u00bb04\/380 46 00&Prime; _builder_version=\u00a0\u00bb4.27.4&Prime; _module_preset=\u00a0\u00bbdefault\u00a0\u00bb global_colors_info=\u00a0\u00bb{}\u00a0\u00bb][\/et_pb_button][\/et_pb_column][\/et_pb_row][et_pb_row _builder_version=\u00a0\u00bb4.27.4&Prime; _module_preset=\u00a0\u00bbdefault\u00a0\u00bb global_colors_info=\u00a0\u00bb{}\u00a0\u00bb][et_pb_column type=\u00a0\u00bb4_4&Prime; _builder_version=\u00a0\u00bb4.27.4&Prime; _module_preset=\u00a0\u00bbdefault\u00a0\u00bb global_colors_info=\u00a0\u00bb{}\u00a0\u00bb][et_pb_text _builder_version=\u00a0\u00bb4.27.4&Prime; _module_preset=\u00a0\u00bbdefault\u00a0\u00bb global_colors_info=\u00a0\u00bb{}\u00a0\u00bb]<\/p>\n<h2 data-start=\"1374\" data-end=\"1418\" class=\"\"><strong data-start=\"1377\" data-end=\"1416\">Engagement lors de l\u2019inscription<\/strong><\/h2>\n<p data-start=\"1419\" data-end=\"1598\" class=\"\">Inscrire votre enfant dans notre \u00e9cole, c\u2019est <strong data-start=\"1465\" data-end=\"1487\">adh\u00e9rer pleinement<\/strong> \u00e0 nos projets et \u00e0 notre fonctionnement. Cela signifie que <strong data-start=\"1547\" data-end=\"1573\">les parents et l\u2019\u00e9l\u00e8ve<\/strong> s\u2019engagent \u00e0 respecter :<\/p>\n<p data-start=\"1600\" data-end=\"1778\" class=\"\">\u2705 Le <strong data-start=\"1605\" data-end=\"1639\">projet \u00e9ducatif et p\u00e9dagogique<\/strong><br data-start=\"1639\" data-end=\"1642\" \/>\u2705 Le <strong data-start=\"1647\" data-end=\"1673\">projet d\u2019\u00e9tablissement<\/strong><br data-start=\"1673\" data-end=\"1676\" \/>\u2705 Le <strong data-start=\"1681\" data-end=\"1705\">r\u00e8glement des \u00e9tudes<\/strong><br data-start=\"1705\" data-end=\"1708\" \/>\u2705 Le <strong data-start=\"1713\" data-end=\"1744\">r\u00e8glement d\u2019ordre int\u00e9rieur<\/strong><br data-start=\"1744\" data-end=\"1747\" \/>\u2705 Le <strong data-start=\"1752\" data-end=\"1778\">code de vie de l\u2019\u00e9l\u00e8ve<\/strong><\/p>\n<p data-start=\"1780\" data-end=\"1896\" class=\"\">Ces documents sont consultables \u00e0 l\u2019\u00e9cole.<\/p>\n<p>[\/et_pb_text][\/et_pb_column][\/et_pb_row][et_pb_row _builder_version=\u00a0\u00bb4.27.4&Prime; _module_preset=\u00a0\u00bbdefault\u00a0\u00bb global_colors_info=\u00a0\u00bb{}\u00a0\u00bb][et_pb_column type=\u00a0\u00bb4_4&Prime; _builder_version=\u00a0\u00bb4.27.4&Prime; _module_preset=\u00a0\u00bbdefault\u00a0\u00bb global_colors_info=\u00a0\u00bb{}\u00a0\u00bb][et_pb_divider _builder_version=\u00a0\u00bb4.27.4&Prime; _module_preset=\u00a0\u00bbdefault\u00a0\u00bb global_colors_info=\u00a0\u00bb{}\u00a0\u00bb][\/et_pb_divider][et_pb_text _builder_version=\u00a0\u00bb4.27.4&Prime; _module_preset=\u00a0\u00bbdefault\u00a0\u00bb global_colors_info=\u00a0\u00bb{}\u00a0\u00bb]<\/p>\n<h2><strong>R\u00e8glement d\u2019ordre int\u00e9rieur (extraits)<\/strong><\/h2>\n<p>[\/et_pb_text][et_pb_toggle title=\u00a0\u00bbInscription r\u00e9guli\u00e8re des \u00e9l\u00e8ves\u00a0\u00bb open_toggle_text_color=\u00a0\u00bb#0A0000&Prime; open_toggle_background_color=\u00a0\u00bb#E0D4D8&Prime; closed_toggle_text_color=\u00a0\u00bb#A01149&Prime; icon_color=\u00a0\u00bb#11A072&Prime; open_icon_color=\u00a0\u00bb#FFB400&Prime; _builder_version=\u00a0\u00bb4.27.4&Prime; _module_preset=\u00a0\u00bbdefault\u00a0\u00bb title_text_color=\u00a0\u00bb#A01149&Prime; global_colors_info=\u00a0\u00bb{}\u00a0\u00bb open_toggle_text_color__hover_enabled=\u00a0\u00bboff|desktop\u00a0\u00bb]<\/p>\n<ul>\n<li>Toute demande d&rsquo;inscription d&rsquo;un \u00e9l\u00e8ve \u00e9mane des parents ou de la personne l\u00e9galement responsable<\/li>\n<li>Obligation scolaire <strong>d\u00e8s la 3\u00e8me maternelle<\/strong>, toute absence doit \u00eatre justifi\u00e9e<\/li>\n<li>L&rsquo;\u00e9l\u00e8ve inscrit r\u00e9guli\u00e8rement le demeure jusqu&rsquo;\u00e0 la fin de sa scolarit\u00e9 primaire sauf en cas de demande de changement d&rsquo;\u00e9cole, si l&rsquo;\u00e9l\u00e8ve ne se pr\u00e9sente pas \u00e0 la rentr\u00e9e scolaire sans justification aucune.<\/li>\n<\/ul>\n<p>[\/et_pb_toggle][et_pb_toggle title=\u00a0\u00bbPr\u00e9sence et assiduit\u00e9\u00a0\u00bb open_toggle_background_color=\u00a0\u00bb#E0D4D8&Prime; closed_toggle_text_color=\u00a0\u00bb#A01149&Prime; icon_color=\u00a0\u00bb#11A072&Prime; open_icon_color=\u00a0\u00bb#FFB400&Prime; _builder_version=\u00a0\u00bb4.27.4&Prime; _module_preset=\u00a0\u00bbdefault\u00a0\u00bb global_colors_info=\u00a0\u00bb{}\u00a0\u00bb]<\/p>\n<ul>\n<li data-start=\"2018\" data-end=\"2082\" class=\"\">\n<p data-start=\"2020\" data-end=\"2082\" class=\"\">L\u2019\u00e9l\u00e8ve doit \u00eatre <strong data-start=\"2038\" data-end=\"2066\">pr\u00e9sent \u00e0 tous les cours<\/strong> et activit\u00e9s.<\/p>\n<\/li>\n<li data-start=\"2083\" data-end=\"2150\" class=\"\">\n<p data-start=\"2085\" data-end=\"2150\" class=\"\">Toute <strong data-start=\"2091\" data-end=\"2122\">absence doit \u00eatre justifi\u00e9e<\/strong> par un document officiel.<\/p>\n<\/li>\n<li data-start=\"2151\" data-end=\"2267\" class=\"\">\n<p data-start=\"2153\" data-end=\"2267\" class=\"\">\u00c0 partir de <strong data-start=\"2165\" data-end=\"2203\">9 demi-jours d\u2019absence injustifi\u00e9e<\/strong>, l\u2019\u00e9cole est tenue de signaler la situation \u00e0 l\u2019administration.<\/p>\n<\/li>\n<\/ul>\n<p>[\/et_pb_toggle][et_pb_toggle title=\u00a0\u00bbRetards\u00a0\u00bb open_toggle_background_color=\u00a0\u00bb#E0D4D8&Prime; closed_toggle_text_color=\u00a0\u00bb#A01149&Prime; icon_color=\u00a0\u00bb#11A072&Prime; open_icon_color=\u00a0\u00bb#FFB400&Prime; _builder_version=\u00a0\u00bb4.27.4&Prime; _module_preset=\u00a0\u00bbdefault\u00a0\u00bb global_colors_info=\u00a0\u00bb{}\u00a0\u00bb]<\/p>\n<ul>\n<li data-start=\"2286\" data-end=\"2358\" class=\"\">\n<p data-start=\"2288\" data-end=\"2358\" class=\"\">Les retards fr\u00e9quents nuisent \u00e0 l\u2019organisation et \u00e0 l\u2019apprentissage.<\/p>\n<\/li>\n<li data-start=\"2359\" data-end=\"2433\" class=\"\">\n<p data-start=\"2361\" data-end=\"2433\" class=\"\">Ils doivent \u00eatre <strong data-start=\"2378\" data-end=\"2432\">exceptionnels, justifi\u00e9s et not\u00e9s dans le registre<\/strong>.<\/p>\n<\/li>\n<\/ul>\n<p>[\/et_pb_toggle][et_pb_toggle title=\u00a0\u00bbComportement\u00a0\u00bb open_toggle_background_color=\u00a0\u00bb#E0D4D8&Prime; closed_toggle_text_color=\u00a0\u00bb#A01149&Prime; icon_color=\u00a0\u00bb#11A072&Prime; open_icon_color=\u00a0\u00bb#FFB400&Prime; _builder_version=\u00a0\u00bb4.27.4&Prime; _module_preset=\u00a0\u00bbdefault\u00a0\u00bb global_colors_info=\u00a0\u00bb{}\u00a0\u00bb]<\/p>\n<ul>\n<li data-start=\"2460\" data-end=\"2521\" class=\"\">\n<p data-start=\"2462\" data-end=\"2521\" class=\"\">Respect du personnel, des camarades, du mat\u00e9riel scolaire<\/p>\n<\/li>\n<li data-start=\"2522\" data-end=\"2565\" class=\"\">\n<p data-start=\"2524\" data-end=\"2565\" class=\"\">Politesse, ponctualit\u00e9, soin du travail<\/p>\n<\/li>\n<li data-start=\"2566\" data-end=\"2639\" class=\"\">\n<p data-start=\"2568\" data-end=\"2639\" class=\"\">Application des r\u00e8gles de vie de la classe, de la cour et des activit\u00e9s<\/p>\n<\/li>\n<\/ul>\n<p>[\/et_pb_toggle][et_pb_divider _builder_version=\u00a0\u00bb4.27.4&Prime; _module_preset=\u00a0\u00bbdefault\u00a0\u00bb global_colors_info=\u00a0\u00bb{}\u00a0\u00bb][\/et_pb_divider][\/et_pb_column][\/et_pb_row][et_pb_row _builder_version=\u00a0\u00bb4.27.4&Prime; _module_preset=\u00a0\u00bbdefault\u00a0\u00bb global_colors_info=\u00a0\u00bb{}\u00a0\u00bb][et_pb_column type=\u00a0\u00bb4_4&Prime; _builder_version=\u00a0\u00bb4.27.4&Prime; _module_preset=\u00a0\u00bbdefault\u00a0\u00bb global_colors_info=\u00a0\u00bb{}\u00a0\u00bb][et_pb_text _builder_version=\u00a0\u00bb4.27.4&Prime; _module_preset=\u00a0\u00bbdefault\u00a0\u00bb global_colors_info=\u00a0\u00bb{}\u00a0\u00bb]<\/p>\n<h2 data-start=\"2646\" data-end=\"2678\" class=\"\"><strong data-start=\"2649\" data-end=\"2676\">\ud83d\udcd6 R\u00e8glement des \u00e9tudes<\/strong><\/h2>\n<p data-start=\"2679\" data-end=\"2868\" class=\"\">Notre \u00e9cole suit les prescriptions officielles de la <strong data-start=\"2732\" data-end=\"2765\">F\u00e9d\u00e9ration Wallonie-Bruxelles<\/strong>. Le r\u00e8glement des \u00e9tudes a pour but de garantir <strong data-start=\"2814\" data-end=\"2867\">l\u2019\u00e9quit\u00e9, la qualit\u00e9 et la continuit\u00e9 p\u00e9dagogique<\/strong>.<\/p>\n<h3 data-start=\"2870\" data-end=\"2888\" class=\"\">\ud83d\udcda Objectifs :<\/h3>\n<ul data-start=\"2889\" data-end=\"3066\">\n<li data-start=\"2889\" data-end=\"2957\" class=\"\">\n<p data-start=\"2891\" data-end=\"2957\" class=\"\">Permettre \u00e0 chaque enfant de <strong data-start=\"2920\" data-end=\"2957\">ma\u00eetriser les comp\u00e9tences de base<\/strong><\/p>\n<\/li>\n<li data-start=\"2958\" data-end=\"3008\" class=\"\">\n<p data-start=\"2960\" data-end=\"3008\" class=\"\">Respecter le <strong data-start=\"2973\" data-end=\"2998\">rythme et les besoins<\/strong> de chacun<\/p>\n<\/li>\n<li data-start=\"3009\" data-end=\"3066\" class=\"\">\n<p data-start=\"3011\" data-end=\"3066\" class=\"\">Favoriser la <strong data-start=\"3024\" data-end=\"3066\">r\u00e9ussite et la progression personnelle<\/strong><\/p>\n<\/li>\n<\/ul>\n<h3 data-start=\"3068\" data-end=\"3088\" class=\"\">\ud83d\udcd1 \u00c9valuations :<\/h3>\n<ul data-start=\"3089\" data-end=\"3275\">\n<li data-start=\"3089\" data-end=\"3165\" class=\"\">\n<p data-start=\"3091\" data-end=\"3165\" class=\"\"><strong data-start=\"3091\" data-end=\"3105\">Formatives<\/strong> : en cours d\u2019apprentissage, via exercices et observations<\/p>\n<\/li>\n<li data-start=\"3166\" data-end=\"3224\" class=\"\">\n<p data-start=\"3168\" data-end=\"3224\" class=\"\"><strong data-start=\"3168\" data-end=\"3182\">Sommatives<\/strong> : bilans, tests, \u00e9preuves standardis\u00e9es<\/p>\n<\/li>\n<li data-start=\"3225\" data-end=\"3275\" class=\"\">\n<p data-start=\"3227\" data-end=\"3275\" class=\"\"><strong data-start=\"3227\" data-end=\"3245\">Certificatives<\/strong> : en fin de 6e primaire (CEB)<\/p>\n<\/li>\n<\/ul>\n<p data-start=\"3277\" data-end=\"3345\" class=\"\">\ud83d\uddd3\ufe0f <strong data-start=\"3281\" data-end=\"3300\">Bulletins remis<\/strong> 3 fois par an + r\u00e9unions parents\/enseignants<\/p>\n<p>[\/et_pb_text][et_pb_divider _builder_version=\u00a0\u00bb4.27.4&Prime; _module_preset=\u00a0\u00bbdefault\u00a0\u00bb global_colors_info=\u00a0\u00bb{}\u00a0\u00bb][\/et_pb_divider][\/et_pb_column][\/et_pb_row][et_pb_row _builder_version=\u00a0\u00bb4.27.4&Prime; _module_preset=\u00a0\u00bbdefault\u00a0\u00bb global_colors_info=\u00a0\u00bb{}\u00a0\u00bb][et_pb_column type=\u00a0\u00bb4_4&Prime; _builder_version=\u00a0\u00bb4.27.4&Prime; _module_preset=\u00a0\u00bbdefault\u00a0\u00bb global_colors_info=\u00a0\u00bb{}\u00a0\u00bb][et_pb_text _builder_version=\u00a0\u00bb4.27.4&Prime; _module_preset=\u00a0\u00bbdefault\u00a0\u00bb global_colors_info=\u00a0\u00bb{}\u00a0\u00bb]<\/p>\n<h2 data-start=\"3352\" data-end=\"3392\" class=\"\"><strong data-start=\"3355\" data-end=\"3390\">\ud83c\udff7\ufe0f Gratuit\u00e9 et frais scolaires<\/strong><\/h2>\n<p data-start=\"3393\" data-end=\"3454\" class=\"\">L\u2019enseignement est <strong data-start=\"3412\" data-end=\"3423\">gratuit<\/strong>. Aucun minerval n\u2019est demand\u00e9. <br \/><strong>Fournitures scolaires offertes par l&rsquo;\u00e9cole<\/strong> sauf le cartable vide, Plumier vide et tenue sportive<\/p>\n<h3 data-start=\"3456\" data-end=\"3486\" class=\"\">Ce qui peut \u00eatre demand\u00e9 :<\/h3>\n<ul data-start=\"3487\" data-end=\"3697\">\n<li data-start=\"3578\" data-end=\"3635\" class=\"\">\n<p data-start=\"3580\" data-end=\"3635\" class=\"\"><strong data-start=\"3580\" data-end=\"3608\">Fournitures personnelles<\/strong> (liste en d\u00e9but d\u2019ann\u00e9e)<\/p>\n<\/li>\n<li data-start=\"3578\" data-end=\"3635\" class=\"\"><strong>Classes vertes<\/strong> organis\u00e9es tous les 2 ans \u00e0 Wegimont pour les P1P2 et Engreux pour les P5P6<\/li>\n<li data-start=\"3636\" data-end=\"3697\" class=\"\">\n<p data-start=\"3638\" data-end=\"3697\" class=\"\">Services de garderie <strong>la Carambole.<\/strong><\/p>\n<p>Service communal d\u2019accueil extra-scolaire de Comblain-au-Pont agr\u00e9\u00e9 et subventionn\u00e9 par l\u2019ONE.<\/p>\n<p>Toutes les informations concernant les activit\u00e9s, les stages et animations durant les journ\u00e9es de conf\u00e9rences p\u00e9dagogiques sont disponibles sur le site internet\u00a0: <span><a href=\"http:\/\/www.mestempslibres.be\">www.mestempslibres.be<\/a><\/span><\/p>\n<\/li>\n<\/ul>\n<p data-start=\"3699\" data-end=\"3800\" class=\"\">\ud83c\udf81 Toutes les sorties sont financ\u00e9es par le soutien du <strong>Comit\u00e9 de parents. <\/strong>Seules les <strong>classes vertes<\/strong> sont totalement payantes par les parents<\/p>\n<p>[\/et_pb_text][et_pb_divider _builder_version=\u00a0\u00bb4.27.4&Prime; _module_preset=\u00a0\u00bbdefault\u00a0\u00bb global_colors_info=\u00a0\u00bb{}\u00a0\u00bb][\/et_pb_divider][\/et_pb_column][\/et_pb_row][et_pb_row _builder_version=\u00a0\u00bb4.27.4&Prime; _module_preset=\u00a0\u00bbdefault\u00a0\u00bb global_colors_info=\u00a0\u00bb{}\u00a0\u00bb][et_pb_column type=\u00a0\u00bb4_4&Prime; _builder_version=\u00a0\u00bb4.27.4&Prime; _module_preset=\u00a0\u00bbdefault\u00a0\u00bb global_colors_info=\u00a0\u00bb{}\u00a0\u00bb][et_pb_text _builder_version=\u00a0\u00bb4.27.4&Prime; _module_preset=\u00a0\u00bbdefault\u00a0\u00bb global_colors_info=\u00a0\u00bb{}\u00a0\u00bb]<\/p>\n<h2 data-start=\"3807\" data-end=\"3839\" class=\"\"><strong data-start=\"3810\" data-end=\"3837\">\ud83d\udccc Pour toute question\u2026<\/strong><\/h2>\n<p data-start=\"3840\" data-end=\"3966\" class=\"\">N\u2019h\u00e9sitez pas \u00e0 nous rendre visite, t\u00e9l\u00e9phoner ou envoyer un e-mail. Nous sommes l\u00e0 pour <strong data-start=\"3929\" data-end=\"3964\">vous accompagner \u00e0 chaque \u00e9tape<\/strong> !<\/p>\n<p data-start=\"3968\" data-end=\"4065\" class=\"\">\ud83c\udfaf <em data-start=\"3971\" data-end=\"4065\">Une \u00e9cole claire, organis\u00e9e et \u00e0 l\u2019\u00e9coute, pour bien commencer la scolarit\u00e9 de votre enfant.<\/em><\/p>\n<p>[\/et_pb_text][\/et_pb_column][\/et_pb_row][\/et_pb_section]<\/p>\n","protected":false},"excerpt":{"rendered":"<p>Inscrire votre enfant \u00e0 l\u2019\u00e9cole libre de Poulseur Nous accueillons les enfants en maternelle et en primaire, tout au long de l\u2019ann\u00e9e, selon les places disponibles. L\u2019inscription est une d\u00e9marche simple et rapide, mais elle implique l\u2019adh\u00e9sion aux projets \u00e9ducatif, p\u00e9dagogique et d\u2019\u00e9tablissement. \ud83d\udccc D\u00e9marches \u00e0 suivre : Prise de contact avec la direction pour un rendez-vous (visite possible de l\u2019\u00e9cole). Remplir le formulaire d\u2019inscription (disponible \u00e0 l\u2019\u00e9cole). Fournir les documents suivants : Une copie de la carte d\u2019identit\u00e9 ou extrait d\u2019acte de naissance de l\u2019enfant Le carnet de vaccination En cas de changement d\u2019\u00e9cole apr\u00e8s le premier jour de l&rsquo;ann\u00e9e scolaire : demande de changement de l&rsquo;\u00e9cole de d\u00e9part \ud83d\udcc5 P\u00e9riodes recommand\u00e9es : De pr\u00e9f\u00e9rence avant la rentr\u00e9e scolaire Inscription en maternelle possible toute l\u2019ann\u00e9e \ud83d\udcde N\u2019h\u00e9sitez pas \u00e0 nous contacter pour toute question ou pour prendre rendez-vous :Engagement lors de l\u2019inscription Inscrire votre enfant dans notre \u00e9cole, c\u2019est adh\u00e9rer pleinement \u00e0 nos projets et \u00e0 notre fonctionnement. Cela signifie que les parents et l\u2019\u00e9l\u00e8ve s\u2019engagent \u00e0 respecter : \u2705 Le projet \u00e9ducatif et p\u00e9dagogique\u2705 Le projet d\u2019\u00e9tablissement\u2705 Le r\u00e8glement des \u00e9tudes\u2705 Le r\u00e8glement d\u2019ordre int\u00e9rieur\u2705 Le code de vie de l\u2019\u00e9l\u00e8ve Ces documents sont consultables \u00e0 l\u2019\u00e9cole.R\u00e8glement d\u2019ordre [&hellip;]<\/p>\n","protected":false},"author":1,"featured_media":0,"parent":0,"menu_order":0,"comment_status":"closed","ping_status":"closed","template":"","meta":{"_et_pb_use_builder":"on","_et_pb_old_content":"","_et_gb_content_width":"","footnotes":""},"class_list":["post-28","page","type-page","status-publish","hentry"],"_links":{"self":[{"href":"https:\/\/sacrecoeurpoulseur.be\/index.php\/wp-json\/wp\/v2\/pages\/28","targetHints":{"allow":["GET"]}}],"collection":[{"href":"https:\/\/sacrecoeurpoulseur.be\/index.php\/wp-json\/wp\/v2\/pages"}],"about":[{"href":"https:\/\/sacrecoeurpoulseur.be\/index.php\/wp-json\/wp\/v2\/types\/page"}],"author":[{"embeddable":true,"href":"https:\/\/sacrecoeurpoulseur.be\/index.php\/wp-json\/wp\/v2\/users\/1"}],"replies":[{"embeddable":true,"href":"https:\/\/sacrecoeurpoulseur.be\/index.php\/wp-json\/wp\/v2\/comments?post=28"}],"version-history":[{"count":11,"href":"https:\/\/sacrecoeurpoulseur.be\/index.php\/wp-json\/wp\/v2\/pages\/28\/revisions"}],"predecessor-version":[{"id":212,"href":"https:\/\/sacrecoeurpoulseur.be\/index.php\/wp-json\/wp\/v2\/pages\/28\/revisions\/212"}],"wp:attachment":[{"href":"https:\/\/sacrecoeurpoulseur.be\/index.php\/wp-json\/wp\/v2\/media?parent=28"}],"curies":[{"name":"wp","href":"https:\/\/api.w.org\/{rel}","templated":true}]}}