{"id":30,"date":"2025-03-19T17:31:10","date_gmt":"2025-03-19T16:31:10","guid":{"rendered":"https:\/\/sacrecoeurpoulseur.be\/?page_id=30"},"modified":"2025-06-23T15:14:19","modified_gmt":"2025-06-23T13:14:19","slug":"equipe-educative","status":"publish","type":"page","link":"https:\/\/sacrecoeurpoulseur.be\/index.php\/equipe-educative\/","title":{"rendered":"\u00c9quipe \u00e9ducative"},"content":{"rendered":"<p>[et_pb_section fb_built=\u00a0\u00bb1&Prime; _builder_version=\u00a0\u00bb4.27.4&Prime; _module_preset=\u00a0\u00bbdefault\u00a0\u00bb global_colors_info=\u00a0\u00bb{}\u00a0\u00bb][et_pb_row column_structure=\u00a0\u00bb3_5,2_5&Prime; _builder_version=\u00a0\u00bb4.27.4&Prime; _module_preset=\u00a0\u00bbdefault\u00a0\u00bb global_colors_info=\u00a0\u00bb{}\u00a0\u00bb][et_pb_column type=\u00a0\u00bb3_5&Prime; _builder_version=\u00a0\u00bb4.27.4&Prime; _module_preset=\u00a0\u00bbdefault\u00a0\u00bb global_colors_info=\u00a0\u00bb{}\u00a0\u00bb][et_pb_text _builder_version=\u00a0\u00bb4.27.4&Prime; _module_preset=\u00a0\u00bbdefault\u00a0\u00bb global_colors_info=\u00a0\u00bb{}\u00a0\u00bb]<\/p>\n<h2 data-start=\"455\" data-end=\"513\" class=\"\"><strong data-start=\"464\" data-end=\"511\">Une \u00e9quipe soud\u00e9e,<br \/>bienveillante et engag\u00e9e<\/strong><\/h2>\n<p data-start=\"515\" data-end=\"818\" class=\"\" style=\"text-align: justify;\">\u00c0 l\u2019<strong data-start=\"519\" data-end=\"546\">\u00e9cole libre de Poulseur<\/strong>, nous avons la chance de pouvoir compter sur une <strong data-start=\"596\" data-end=\"691\">\u00e9quipe \u00e9ducative dynamique, comp\u00e9tente et profond\u00e9ment investie dans la r\u00e9ussite des \u00e9l\u00e8ves<\/strong>. Chaque membre du personnel contribue, \u00e0 sa mani\u00e8re, \u00e0 cr\u00e9er un <strong data-start=\"756\" data-end=\"815\">climat d\u2019apprentissage positif, s\u00e9curisant et stimulant<\/strong>.<\/p>\n<p data-start=\"820\" data-end=\"847\" class=\"\">Notre \u00e9quipe se compose :<\/p>\n<ul data-start=\"848\" data-end=\"1256\">\n<li data-start=\"848\" data-end=\"931\" class=\"\">\n<p data-start=\"850\" data-end=\"931\" class=\"\">D\u2019une <strong data-start=\"856\" data-end=\"880\">direction \u00e0 l\u2019\u00e9coute<\/strong>, qui veille \u00e0 la coh\u00e9rence du projet p\u00e9dagogique<\/p>\n<\/li>\n<li data-start=\"932\" data-end=\"1004\" class=\"\">\n<p data-start=\"934\" data-end=\"1004\" class=\"\">D\u2019<strong data-start=\"936\" data-end=\"962\">enseignants passionn\u00e9s<\/strong>, attentifs aux besoins de chaque enfant<\/p>\n<\/li>\n<li data-start=\"1005\" data-end=\"1093\" class=\"\">\n<p data-start=\"1007\" data-end=\"1093\" class=\"\">De <strong data-start=\"1010\" data-end=\"1030\">ma\u00eetres sp\u00e9ciaux<\/strong>, logop\u00e8des et psychomotriciens, pour un accompagnement cibl\u00e9<\/p>\n<\/li>\n<li data-start=\"1180\" data-end=\"1256\" class=\"\">\n<p data-start=\"1182\" data-end=\"1256\" class=\"\">D\u2019un <strong data-start=\"1187\" data-end=\"1214\">Comit\u00e9 de Parents actif<\/strong>, qui soutient de nombreuses initiatives<\/p>\n<\/li>\n<\/ul>\n<p>[\/et_pb_text][\/et_pb_column][et_pb_column type=\u00a0\u00bb2_5&Prime; _builder_version=\u00a0\u00bb4.27.4&Prime; _module_preset=\u00a0\u00bbdefault\u00a0\u00bb global_colors_info=\u00a0\u00bb{}\u00a0\u00bb][et_pb_image src=\u00a0\u00bbhttps:\/\/sacrecoeurpoulseur.be\/wp-content\/uploads\/2025\/03\/SC02.jpg\u00a0\u00bb title_text=\u00a0\u00bbSC02&Prime; _builder_version=\u00a0\u00bb4.27.4&Prime; _module_preset=\u00a0\u00bbdefault\u00a0\u00bb global_colors_info=\u00a0\u00bb{}\u00a0\u00bb][\/et_pb_image][\/et_pb_column][\/et_pb_row][et_pb_row _builder_version=\u00a0\u00bb4.27.4&Prime; _module_preset=\u00a0\u00bbdefault\u00a0\u00bb global_colors_info=\u00a0\u00bb{}\u00a0\u00bb][et_pb_column type=\u00a0\u00bb4_4&Prime; _builder_version=\u00a0\u00bb4.27.4&Prime; _module_preset=\u00a0\u00bbdefault\u00a0\u00bb global_colors_info=\u00a0\u00bb{}\u00a0\u00bb][et_pb_toggle title=\u00a0\u00bbLe Pouvoir Organisateur (P.O.)\u00a0\u00bb open_toggle_text_color=\u00a0\u00bb#11A072&Prime; open_toggle_background_color=\u00a0\u00bb#E0D4D8&Prime; closed_toggle_text_color=\u00a0\u00bb#A01149&Prime; icon_color=\u00a0\u00bb#11A072&Prime; open_icon_color=\u00a0\u00bb#FFB400&Prime; _builder_version=\u00a0\u00bb4.27.4&Prime; _module_preset=\u00a0\u00bbdefault\u00a0\u00bb global_colors_info=\u00a0\u00bb{}\u00a0\u00bb]<\/p>\n<p style=\"text-align: justify;\">Le P<strong>ouvoir Organisateur<\/strong> d\u2019un \u00e9tablissement organise son enseignement. Il rassemble des personnes priv\u00e9es sous forme d\u2019<strong>ASBL<\/strong>.<\/p>\n<p style=\"text-align: justify;\">L\u2019organe de d\u00e9cisions est l\u2019Assembl\u00e9e G\u00e9n\u00e9rale. La gestion quotidienne est assur\u00e9e par le Conseil d\u2019Administration. Les mati\u00e8res principales de sa comp\u00e9tence sont\u00a0: <strong>la d\u00e9signation, l\u2019engagement des enseignants, la gestion des b\u00e2timents, l\u2019application des directives de la F\u00e9d\u00e9ration Wallonie-Bruxelles<\/strong>.<br \/>Notre P.O. organise les \u00e9coles de Comblain et Poulseur.<\/p>\n<p><span style=\"text-decoration: underline;\"><strong>Composition Conseil d\u2019Administration du P.O.<\/strong><\/span><\/p>\n<p><span style=\"color: #008080;\"><span style=\"color: #a01149;\">Pr\u00e9sident : <\/span><\/span><em>Fran\u00e7ois GOCHEL<br \/><\/em><span style=\"color: #a01149;\">Vice-pr\u00e9sidente : <\/span><em>St\u00e9phanie CONSIGL<\/em>I<br \/><span style=\"color: #a01149;\">Secr\u00e9taire : <\/span><em>Christian DEWIT<br \/><\/em><span style=\"color: #008080;\"><span style=\"color: #a01149;\">Tr\u00e9sori\u00e8re : <\/span><\/span><em>St\u00e9phanie CONSIGLI<br \/><\/em><span style=\"color: #a01149;\">Membres <span style=\"color: #008080;\">: <\/span><\/span><em>Rachel JODOGNE<\/em><\/p>\n<p>[\/et_pb_toggle][et_pb_toggle title=\u00a0\u00bbLe Comit\u00e9 de gestion\u00a0\u00bb open_toggle_text_color=\u00a0\u00bb#11A072&Prime; open_toggle_background_color=\u00a0\u00bb#E0D4D8&Prime; closed_toggle_text_color=\u00a0\u00bb#A01149&Prime; icon_color=\u00a0\u00bb#11A072&Prime; open_icon_color=\u00a0\u00bb#FFB400&Prime; _builder_version=\u00a0\u00bb4.27.4&Prime; _module_preset=\u00a0\u00bbdefault\u00a0\u00bb global_colors_info=\u00a0\u00bb{}\u00a0\u00bb]<\/p>\n<p>Le <strong>comit\u00e9 de gestion<\/strong> a pour principal objectif de g\u00e9rer tout ce qui ne doit pas faire l\u2019objet d\u2019une d\u00e9cision du P.O. Ses principales ressources sont la Fancy-fair et un souper annuel.<\/p>\n<p><strong><em>Composition du comit\u00e9 de gestion<\/em><\/strong><\/p>\n<p><span style=\"color: #a01149;\">Pr\u00e9sidente : <\/span>St\u00e9phanie CONSIGLI<br \/><span style=\"color: #a01149;\">Secr\u00e9taire :<\/span> Rachel JODOGNE\u00a0\u00a0\u00a0\u00a0\u00a0\u00a0\u00a0\u00a0\u00a0\u00a0\u00a0\u00a0\u00a0\u00a0\u00a0\u00a0\u00a0\u00a0\u00a0\u00a0\u00a0\u00a0<br \/><span style=\"color: #a01149;\">Tr\u00e9sori\u00e8res : <\/span>St\u00e9phanie CONSIGLI et Chantal DE KESEL<br \/><span style=\"color: #a01149;\">Membres : <\/span>Marie-Ang\u00e8le PEGORER, Fran\u00e7oise CLARENNE, St\u00e9phanie CONSIGLI, Vanina DEROUA et Pascal BATTISTON.\u00a0\u00a0<br \/><span style=\"color: #a01149;\">Responsable b\u00e2timent : <\/span>Vanina DEROUA\u00a0\u00a0\u00a0\u00a0\u00a0<\/p>\n<p>[\/et_pb_toggle][et_pb_toggle title=\u00a0\u00bbLa direction\u00a0\u00bb open_toggle_text_color=\u00a0\u00bb#11A072&Prime; open_toggle_background_color=\u00a0\u00bb#E0D4D8&Prime; closed_toggle_text_color=\u00a0\u00bb#A01149&Prime; icon_color=\u00a0\u00bb#11A072&Prime; open_icon_color=\u00a0\u00bb#FFB400&Prime; _builder_version=\u00a0\u00bb4.27.4&Prime; _module_preset=\u00a0\u00bbdefault\u00a0\u00bb global_colors_info=\u00a0\u00bb{}\u00a0\u00bb]<\/p>\n<p>\ud83c\udf93 <strong data-start=\"1291\" data-end=\"1320\">Madame Annette RANDAXHE<\/strong><br data-start=\"1320\" data-end=\"1323\" \/><em>\u00ab Je veille \u00e0 ce que chaque \u00e9l\u00e8ve, parent et enseignant trouve sa place dans une \u00e9cole qui avance avec le c\u0153ur. \u00bb<\/em><br data-start=\"1436\" data-end=\"1439\" \/>Responsable de la gestion de l\u2019\u00e9cole, elle assure \u00e9galement <strong data-start=\"1499\" data-end=\"1576\">le lien entre les familles, les enseignants et les partenaires ext\u00e9rieurs<\/strong>, dans une logique de collaboration constructive.<\/p>\n<p>[\/et_pb_toggle][et_pb_toggle title=\u00a0\u00bbLe Secr\u00e9tariat\u00a0\u00bb open_toggle_text_color=\u00a0\u00bb#11A072&Prime; open_toggle_background_color=\u00a0\u00bb#E0D4D8&Prime; closed_toggle_text_color=\u00a0\u00bb#A01149&Prime; icon_color=\u00a0\u00bb#11A072&Prime; open_icon_color=\u00a0\u00bb#FFB400&Prime; _builder_version=\u00a0\u00bb4.27.4&Prime; _module_preset=\u00a0\u00bbdefault\u00a0\u00bb hover_enabled=\u00a0\u00bb0&Prime; global_colors_info=\u00a0\u00bb{}\u00a0\u00bb sticky_enabled=\u00a0\u00bb0&Prime;]<\/p>\n<p data-start=\"3274\" data-end=\"3544\" class=\"\">Le secr\u00e9tariat de l&rsquo;\u00e9cole est le point central pour toutes les d\u00e9marches administratives des \u00e9l\u00e8ves et des parents. Il assure l\u2019accueil, la gestion des dossiers et le lien avec l\u2019\u00e9quipe p\u00e9dagogique.<\/p>\n<p data-start=\"3274\" data-end=\"3544\" class=\"\"><strong>Notre \u00e9quipe se compose de :\u00a0<\/strong><\/p>\n<p data-start=\"3274\" data-end=\"3544\" class=\"\">&#8211; Mme DE BONHOME Caroline<br \/>&#8211; Mme COLSON Sophie<\/p>\n<p>[\/et_pb_toggle][et_pb_toggle title=\u00a0\u00bbL&rsquo;\u00e9quipe \u00e9ducative\u00a0\u00bb open_toggle_text_color=\u00a0\u00bb#11A072&Prime; open_toggle_background_color=\u00a0\u00bb#E0D4D8&Prime; closed_toggle_text_color=\u00a0\u00bb#A01149&Prime; icon_color=\u00a0\u00bb#11A072&Prime; open_icon_color=\u00a0\u00bb#FFB400&Prime; _builder_version=\u00a0\u00bb4.27.4&Prime; _module_preset=\u00a0\u00bbdefault\u00a0\u00bb hover_enabled=\u00a0\u00bb0&Prime; global_colors_info=\u00a0\u00bb{}\u00a0\u00bb sticky_enabled=\u00a0\u00bb0&Prime;]<\/p>\n<p data-start=\"1662\" data-end=\"1924\" class=\"\">\u00a0Nos <strong data-start=\"1666\" data-end=\"1699\">institutrices et instituteurs<\/strong>, de la maternelle \u00e0 la 6e primaire, accompagnent les enfants avec patience, exigence et bienveillance. Ils adaptent leurs m\u00e9thodes selon les besoins de chaque enfant et mettent en place des projets cr\u00e9atifs et motivants.<\/p>\n<p data-start=\"1926\" data-end=\"1974\" class=\"\">Notre \u00e9quipe <span style=\"text-decoration: underline;\">maternelle<\/span> se compose de :<\/p>\n<ul>\n<li data-start=\"1977\" data-end=\"2081\"><strong data-start=\"1977\" data-end=\"1999\">Mme LAMBERT Laurane <\/strong>: Accueil et M1<\/li>\n<li data-start=\"1977\" data-end=\"2081\"><strong>Mme VANDEGHEN Marie<\/strong> : M2<strong data-start=\"1977\" data-end=\"1999\"><\/strong><\/li>\n<li data-start=\"1977\" data-end=\"2081\"><strong>Mme LECRENIER Valentine<\/strong> : M3<\/li>\n<li data-start=\"1977\" data-end=\"2081\"><strong>Mme HAOT D\u00e9borah<\/strong> : Pu\u00e9ricultrice<\/li>\n<\/ul>\n<p>Notre \u00e9quipe <span style=\"text-decoration: underline;\">primaire<\/span> se compose de :<\/p>\n<ul>\n<li><strong>Mme DEFOSSE Isabelle<\/strong> : P1<\/li>\n<li><strong>Mr CLAVIER Yves<\/strong> : P1-P2<\/li>\n<li><strong>Mme DANIELS V\u00e9ronique<\/strong> : P2<\/li>\n<li><strong>Mme DA SILVA SA Anabel<\/strong> : P3<\/li>\n<li><strong>Mme POULIN Marie<\/strong> : P4<\/li>\n<li><strong>Mr MAGNEE Olivier<\/strong> : P5<\/li>\n<li><strong>Mme PISSART H\u00e9l\u00e8ne<\/strong> : P6<\/li>\n<li><strong>Mme DEFLEUR Juliette<\/strong> : Polyvalente<\/li>\n<li><strong>Mme PONCELET Sandra<\/strong> : Ma\u00eetre de seconde langue anglais<\/li>\n<\/ul>\n<p data-start=\"2177\" data-end=\"2280\" class=\"\">\n<h3 data-start=\"2525\" data-end=\"2565\" class=\"\">\ud83e\uddd8\u200d\u2642\ufe0f <strong data-start=\"2535\" data-end=\"2563\">Psychomotricit\u00e9 et sport<\/strong><\/h3>\n<p data-start=\"2566\" data-end=\"2790\" class=\"\">La psychomotricienne accompagne les enfants, surtout en maternelle, dans leur d\u00e9veloppement corporel.<br data-start=\"2667\" data-end=\"2670\" \/>Les cours de gym et natation sont assur\u00e9s par des enseignants sp\u00e9cialis\u00e9s, dans le respect du rythme de chaque enfant.<\/p>\n<ul>\n<li data-start=\"2566\" data-end=\"2790\"><strong>Mme MARTINS SAMPAIO Kelly<\/strong> : Psychomotricit\u00e9 et natation<\/li>\n<\/ul>\n<p>[\/et_pb_toggle][et_pb_toggle title=\u00a0\u00bbLes sp\u00e9cialistes et intervenants ext\u00e9rieurs\u00a0\u00bb open_toggle_text_color=\u00a0\u00bb#11A072&Prime; open_toggle_background_color=\u00a0\u00bb#E0D4D8&Prime; closed_toggle_text_color=\u00a0\u00bb#A01149&Prime; icon_color=\u00a0\u00bb#11A072&Prime; open_icon_color=\u00a0\u00bb#FFB400&Prime; _builder_version=\u00a0\u00bb4.27.4&Prime; _module_preset=\u00a0\u00bbdefault\u00a0\u00bb hover_enabled=\u00a0\u00bb0&Prime; global_colors_info=\u00a0\u00bb{}\u00a0\u00bb sticky_enabled=\u00a0\u00bb0&Prime;]<\/p>\n<h3 data-start=\"2343\" data-end=\"2370\" class=\"\">\ud83d\udc42 <strong data-start=\"2350\" data-end=\"2368\">Logop\u00e8de &amp; PMS<\/strong><\/h3>\n<p data-start=\"2371\" data-end=\"2523\" class=\"\"><strong>En collaboration avec le CPMS, nous identifions et accompagnons les enfants qui pr\u00e9sentent des difficult\u00e9s d\u2019apprentissage ou des besoins sp\u00e9cifiques.<\/strong><\/p>\n<p><span style=\"color: #a01149;\">Rue des Augustins, 44 \u2013 4500 HUY \u00a0\u00a0\u00a0\u00a0\u00a0\u00a0\u00a0\u00a0 T\u00e9l\u00a0: 085\/23.11.39<\/span><\/p>\n<p>Le centre PMS travaille avec les enfants, les familles et les enseignants. Il essaie de r\u00e9pondre aux attentes des diff\u00e9rents partenaires au niveau p\u00e9dagogique et affectif ; il peut proposer des interventions ou des animations concernant le groupe classe.<\/p>\n<p>&nbsp;<\/p>\n<p>&nbsp;<\/p>\n<h3><strong>\ud83e\ude7aP.S.E.<\/strong><\/h3>\n<p>(anciennement Institut M\u00e9dico-Social) ; centre m\u00e9dical de l\u2019\u00e9cole :<\/p>\n<p><span style=\"color: #a01149;\">Rue de la R\u00e9sistance, 2 \u2013 4500 HUY\u00a0\u00a0\u00a0\u00a0\u00a0\u00a0\u00a0\u00a0 T\u00e9l\u00a0: 085\/21.17.41<\/span><\/p>\n<p>Le m\u00e9decin scolaire du centre et son \u00e9quipe interviennent dans le but d\u2019emp\u00eacher l\u2019apparition et la propagation des maladies transmissibles. Le centre PSE accueille presque toutes les classes, chaque ann\u00e9e, pour une visite m\u00e9dicale compl\u00e8te.<\/p>\n<p>&nbsp;<\/p>\n<p>&nbsp;<\/p>\n<h3 class=\"v1elementToProof\">\ud83e\udde9<strong>Notre P\u00f4le territorial<br \/><\/strong><\/h3>\n<p class=\"v1elementToProof\">(\u00e9quipe ext\u00e9rieure pluridisciplinaire) a pour missions :<\/p>\n<ul>\n<li>\n<div class=\"v1elementToProof\" style=\"text-align: justify;\">D&rsquo;informer les \u00e9quipes \u00e9ducatives, \u00e9l\u00e8ves et parents d&rsquo;\u00e9l\u00e8ves sur les am\u00e9nagements raisonnables et les int\u00e9grations permanentes totales;<\/div>\n<\/li>\n<li style=\"text-align: justify;\">\n<div class=\"v1elementToProof\">D&rsquo;assurer le lien entre les diff\u00e9rents partenaires qui jouent un r\u00f4le de soutien aux \u00e9l\u00e8ves, notamment afin de faciliter l&rsquo;\u00e9change d&rsquo;exp\u00e9riences ;<\/div>\n<\/li>\n<li style=\"text-align: justify;\">\n<div class=\"v1elementToProof\">D&rsquo;accompagner et soutenir les membres de l&rsquo;\u00e9quipe \u00e9ducative des \u00e9coles ordinaires coop\u00e9rantes dans l&rsquo;organisation des am\u00e9nagements raisonnables, notamment par le conseil ou la mise \u00e0 disposition d&rsquo;outils ;<\/div>\n<\/li>\n<li>\n<div class=\"v1elementToProof\" style=\"text-align: justify;\">D&rsquo;accompagner les \u00e9coles ordinaires coop\u00e9rantes dans l&rsquo;\u00e9laboration de protocoles d&rsquo;am\u00e9nagements raisonnables lorsqu&rsquo;une prise en charge individuelle de l&rsquo;\u00e9l\u00e8ve concern\u00e9 par le P\u00f4le territorial s&rsquo;av\u00e8re n\u00e9cessaire.<\/div>\n<\/li>\n<\/ul>\n<p>[\/et_pb_toggle][et_pb_toggle title=\u00a0\u00bbLe Comit\u00e9 de Parents\u00a0\u00bb open_toggle_text_color=\u00a0\u00bb#11A072&Prime; open_toggle_background_color=\u00a0\u00bb#E0D4D8&Prime; closed_toggle_text_color=\u00a0\u00bb#A01149&Prime; icon_color=\u00a0\u00bb#11A072&Prime; open_icon_color=\u00a0\u00bb#FFB400&Prime; _builder_version=\u00a0\u00bb4.27.4&Prime; _module_preset=\u00a0\u00bbdefault\u00a0\u00bb hover_enabled=\u00a0\u00bb0&Prime; global_colors_info=\u00a0\u00bb{}\u00a0\u00bb sticky_enabled=\u00a0\u00bb0&Prime;]<\/p>\n<p data-start=\"2827\" data-end=\"3132\" class=\"\">Le <span style=\"color: #993366;\"><strong data-start=\"2830\" data-end=\"2851\">Comit\u00e9 de Parents<\/strong><\/span>, aussi appel\u00e9 Association de Parents,\u00a0joue un r\u00f4le essentiel dans la vie de l\u2019\u00e9cole. Il participe \u00e0 l\u2019organisation de nombreuses activit\u00e9s (souper d&rsquo;automne, bal de Carnaval, vente de fleurs, Fancy-Fair), <span style=\"color: #993366;\"><strong data-start=\"2997\" data-end=\"3041\">soutient financi\u00e8rement certains projets<\/strong><\/span> (ex. : sorties p\u00e9dagogiques) et fait le lien entre les familles et l\u2019\u00e9quipe enseignante.<\/p>\n<p data-start=\"3134\" data-end=\"3230\" class=\"\">\ud83d\udcac <span style=\"text-decoration: underline;\">C\u2019est un espace d\u2019\u00e9coute, de dialogue et de collaboration o\u00f9 chaque parent est le bienvenu :<\/span><br \/>Il est souhaitable que les parents s&rsquo;expriment et vivent l&rsquo;\u00e9cole de leurs enfants avec les autres parents. Ce comit\u00e9 tente de rassembler un maximum de parents pour que ceux-ci participent de plus pr\u00e8s \u00e0 tout ce qui fait la vie de l&rsquo;\u00e9cole.<\/p>\n<p data-start=\"3134\" data-end=\"3230\" class=\"\"><strong>Notre Comit\u00e9 de Parents se compose de :<\/strong><\/p>\n<p><span style=\"color: #993366;\">Pr\u00e9sident(e)<\/span> : \u00e0 d\u00e9terminer<br \/><span style=\"color: #993366;\">Secr\u00e9taire<\/span> : Jessica VIEIRA LARANJEIRA<br \/><span style=\"color: #993366;\">Tr\u00e9sorier(e)<\/span> : Lauriane WILMOTTE<br \/><span style=\"color: #993366;\">Membres<\/span> : Alexandra HOUBEN, Aline VANMOSWINCK, G\u00e9rald DELGOMBE, Xavier DHEUR, Laurent DESTREEL, Jessica VIEIRA LARANJEIRA et Samuel DECHESNE<\/p>\n<p data-start=\"3134\" data-end=\"3230\" class=\"\">\n<p data-start=\"3134\" data-end=\"3230\" class=\"\">[\/et_pb_toggle][et_pb_toggle title=\u00a0\u00bbLe Conseil de Participation\u00a0\u00bb open_toggle_text_color=\u00a0\u00bb#11A072&Prime; open_toggle_background_color=\u00a0\u00bb#E0D4D8&Prime; closed_toggle_text_color=\u00a0\u00bb#A01149&Prime; icon_color=\u00a0\u00bb#11A072&Prime; open_icon_color=\u00a0\u00bb#FFB400&Prime; _builder_version=\u00a0\u00bb4.27.4&Prime; _module_preset=\u00a0\u00bbdefault\u00a0\u00bb hover_enabled=\u00a0\u00bb0&Prime; global_colors_info=\u00a0\u00bb{}\u00a0\u00bb sticky_enabled=\u00a0\u00bb0&Prime;]<\/p>\n<p data-start=\"3274\" data-end=\"3544\" class=\"\">Ce conseil regroupe des repr\u00e9sentants des <strong data-start=\"3316\" data-end=\"3397\"><span style=\"color: #993366;\">parents, enseignants, \u00e9l\u00e8ves (repr\u00e9sent\u00e9s), direction et Pouvoir Organisateur<\/span><\/strong><span style=\"color: #993366;\">.<\/span><br data-start=\"3398\" data-end=\"3401\" \/>Il se r\u00e9unit plusieurs fois par an pour r\u00e9fl\u00e9chir aux <span style=\"color: #993366;\"><strong data-start=\"3455\" data-end=\"3490\">grandes orientations de l\u2019\u00e9cole<\/strong><\/span> : projet p\u00e9dagogique, r\u00e8glement, actions concr\u00e8tes.<\/p>\n<p data-start=\"3546\" data-end=\"3655\" class=\"\">C\u2019est un lieu de dialogue <span style=\"color: #993366;\"><strong data-start=\"3572\" data-end=\"3603\">constructif et d\u00e9mocratique<\/strong><\/span>, au service du bien-\u00eatre et de la r\u00e9ussite de tous.<\/p>\n<p data-start=\"3546\" data-end=\"3655\" class=\"\">\n<p data-start=\"3546\" data-end=\"3655\" class=\"\"><span style=\"color: #993366;\"><strong>Composition de notre Conseil de Participation<\/strong><\/span><\/p>\n<p data-start=\"3546\" data-end=\"3655\" class=\"\"><span style=\"text-decoration: underline;\">Repr\u00e9sentants du personnel enseignant :<\/span><\/p>\n<ul>\n<li data-start=\"3546\" data-end=\"3655\">Pr\u00e9sidente : RANDAXHE Annette<\/li>\n<li data-start=\"3546\" data-end=\"3655\">Secr\u00e9taire : PISSART H\u00e9l\u00e8ne<\/li>\n<li data-start=\"3546\" data-end=\"3655\">Membres effectifs : DANIELS V\u00e9ronique, VANDEGHEN Marie<\/li>\n<li data-start=\"3546\" data-end=\"3655\">Membres suppl\u00e9ants : DEFOSSE Isabelle, LAMBERT Laurane, CLAVIER Yves<strong><\/strong><\/li>\n<\/ul>\n<p><span style=\"text-decoration: underline;\">Repr\u00e9sentants du P.O. :<\/span><\/p>\n<ul>\n<li>Membres effectifs : DE KEYSEK Chantal, JODOGNE Rachel, CONSIGLI St\u00e9phanie<\/li>\n<li>Membres suppl\u00e9ants : CLARENNE Fran\u00e7oise, PEGORER Marie-Ang\u00e8le, BATTISTON Pascal<\/li>\n<\/ul>\n<p><span style=\"text-decoration: underline;\">Repr\u00e9sentants de l&rsquo;Association de Parents :<\/span><\/p>\n<ul>\n<li>Membres effectifs : WILMOTTE Lauriane, DEJONG Magali, DHEUR Xavier<\/li>\n<li>Membres suppl\u00e9ants : A d\u00e9terminer<\/li>\n<\/ul>\n<p><span style=\"text-decoration: underline;\">Repr\u00e9sentants de l&rsquo;environnement :<\/span><\/p>\n<ul>\n<li>Membres effectifs : MEEX Marie-Paule, PONCELET Anne, DANIELS Christine<\/li>\n<li>Membres suppl\u00e9ants : WANTEN Anne-Marie<\/li>\n<\/ul>\n<p>[\/et_pb_toggle][\/et_pb_column][\/et_pb_row][\/et_pb_section]<\/p>\n","protected":false},"excerpt":{"rendered":"<p>Une \u00e9quipe soud\u00e9e,bienveillante et engag\u00e9e \u00c0 l\u2019\u00e9cole libre de Poulseur, nous avons la chance de pouvoir compter sur une \u00e9quipe \u00e9ducative dynamique, comp\u00e9tente et profond\u00e9ment investie dans la r\u00e9ussite des \u00e9l\u00e8ves. Chaque membre du personnel contribue, \u00e0 sa mani\u00e8re, \u00e0 cr\u00e9er un climat d\u2019apprentissage positif, s\u00e9curisant et stimulant. Notre \u00e9quipe se compose : D\u2019une direction \u00e0 l\u2019\u00e9coute, qui veille \u00e0 la coh\u00e9rence du projet p\u00e9dagogique D\u2019enseignants passionn\u00e9s, attentifs aux besoins de chaque enfant De ma\u00eetres sp\u00e9ciaux, logop\u00e8des et psychomotriciens, pour un accompagnement cibl\u00e9 D\u2019un Comit\u00e9 de Parents actif, qui soutient de nombreuses initiatives Le Pouvoir Organisateur d\u2019un \u00e9tablissement organise son enseignement. Il rassemble des personnes priv\u00e9es sous forme d\u2019ASBL. L\u2019organe de d\u00e9cisions est l\u2019Assembl\u00e9e G\u00e9n\u00e9rale. La gestion quotidienne est assur\u00e9e par le Conseil d\u2019Administration. Les mati\u00e8res principales de sa comp\u00e9tence sont\u00a0: la d\u00e9signation, l\u2019engagement des enseignants, la gestion des b\u00e2timents, l\u2019application des directives de la F\u00e9d\u00e9ration Wallonie-Bruxelles.Notre P.O. organise les \u00e9coles de Comblain et Poulseur. Composition Conseil d\u2019Administration du P.O. Pr\u00e9sident : Fran\u00e7ois GOCHELVice-pr\u00e9sidente : St\u00e9phanie CONSIGLISecr\u00e9taire : Christian DEWITTr\u00e9sori\u00e8re : St\u00e9phanie CONSIGLIMembres : Rachel JODOGNELe comit\u00e9 de gestion a pour principal objectif de g\u00e9rer tout ce qui ne doit pas faire l\u2019objet d\u2019une d\u00e9cision du P.O. Ses principales ressources [&hellip;]<\/p>\n","protected":false},"author":1,"featured_media":0,"parent":0,"menu_order":0,"comment_status":"closed","ping_status":"closed","template":"","meta":{"_et_pb_use_builder":"on","_et_pb_old_content":"","_et_gb_content_width":"","footnotes":""},"class_list":["post-30","page","type-page","status-publish","hentry"],"_links":{"self":[{"href":"https:\/\/sacrecoeurpoulseur.be\/index.php\/wp-json\/wp\/v2\/pages\/30","targetHints":{"allow":["GET"]}}],"collection":[{"href":"https:\/\/sacrecoeurpoulseur.be\/index.php\/wp-json\/wp\/v2\/pages"}],"about":[{"href":"https:\/\/sacrecoeurpoulseur.be\/index.php\/wp-json\/wp\/v2\/types\/page"}],"author":[{"embeddable":true,"href":"https:\/\/sacrecoeurpoulseur.be\/index.php\/wp-json\/wp\/v2\/users\/1"}],"replies":[{"embeddable":true,"href":"https:\/\/sacrecoeurpoulseur.be\/index.php\/wp-json\/wp\/v2\/comments?post=30"}],"version-history":[{"count":19,"href":"https:\/\/sacrecoeurpoulseur.be\/index.php\/wp-json\/wp\/v2\/pages\/30\/revisions"}],"predecessor-version":[{"id":209,"href":"https:\/\/sacrecoeurpoulseur.be\/index.php\/wp-json\/wp\/v2\/pages\/30\/revisions\/209"}],"wp:attachment":[{"href":"https:\/\/sacrecoeurpoulseur.be\/index.php\/wp-json\/wp\/v2\/media?parent=30"}],"curies":[{"name":"wp","href":"https:\/\/api.w.org\/{rel}","templated":true}]}}