{"id":32,"date":"2025-03-19T17:31:24","date_gmt":"2025-03-19T16:31:24","guid":{"rendered":"https:\/\/sacrecoeurpoulseur.be\/?page_id=32"},"modified":"2025-06-27T15:05:05","modified_gmt":"2025-06-27T13:05:05","slug":"projets-et-activites","status":"publish","type":"page","link":"https:\/\/sacrecoeurpoulseur.be\/index.php\/projets-et-activites\/","title":{"rendered":"Projets et Activit\u00e9s"},"content":{"rendered":"<p>[et_pb_section fb_built=\u00a0\u00bb1&Prime; _builder_version=\u00a0\u00bb4.27.4&Prime; _module_preset=\u00a0\u00bbdefault\u00a0\u00bb global_colors_info=\u00a0\u00bb{}\u00a0\u00bb][et_pb_row column_structure=\u00a0\u00bb1_2,1_2&Prime; _builder_version=\u00a0\u00bb4.27.4&Prime; _module_preset=\u00a0\u00bbdefault\u00a0\u00bb global_colors_info=\u00a0\u00bb{}\u00a0\u00bb][et_pb_column type=\u00a0\u00bb1_2&Prime; _builder_version=\u00a0\u00bb4.27.4&Prime; _module_preset=\u00a0\u00bbdefault\u00a0\u00bb custom_padding=\u00a0\u00bb10px|10px|10px|10px|false|false\u00a0\u00bb global_colors_info=\u00a0\u00bb{}\u00a0\u00bb][et_pb_image src=\u00a0\u00bbhttps:\/\/sacrecoeurpoulseur.be\/wp-content\/uploads\/2025\/03\/SC03.jpg\u00a0\u00bb title_text=\u00a0\u00bbSC03&Prime; _builder_version=\u00a0\u00bb4.27.4&Prime; _module_preset=\u00a0\u00bbdefault\u00a0\u00bb global_colors_info=\u00a0\u00bb{}\u00a0\u00bb][\/et_pb_image][et_pb_text _builder_version=\u00a0\u00bb4.27.4&Prime; _module_preset=\u00a0\u00bbdefault\u00a0\u00bb global_colors_info=\u00a0\u00bb{}\u00a0\u00bb]<\/p>\n<h2 data-start=\"370\" data-end=\"431\" class=\"\">\ud83c\udf31 <strong data-start=\"376\" data-end=\"429\">Des projets qui donnent du sens \u00e0 l\u2019apprentissage<\/strong><\/h2>\n<p data-start=\"433\" data-end=\"704\" class=\"\" style=\"text-align: justify;\">\u00c0 l\u2019<strong data-start=\"437\" data-end=\"464\">\u00e9cole libre de Poulseur<\/strong>, nous croyons que l\u2019apprentissage ne se limite pas aux manuels et aux bancs d\u2019\u00e9cole. Nos \u00e9l\u00e8ves participent chaque ann\u00e9e \u00e0 <strong data-start=\"588\" data-end=\"657\">de nombreux projets \u00e9ducatifs, citoyens, culturels et artistiques<\/strong> qui compl\u00e8tent les savoirs acquis en classe.<\/p>\n<p data-start=\"706\" data-end=\"891\" class=\"\" style=\"text-align: justify;\">Ces activit\u00e9s permettent \u00e0 chaque enfant de <strong data-start=\"750\" data-end=\"776\">se d\u00e9couvrir autrement<\/strong>, de d\u00e9velopper sa <strong data-start=\"795\" data-end=\"809\">cr\u00e9ativit\u00e9<\/strong>, de s\u2019impliquer dans la <strong data-start=\"834\" data-end=\"852\">vie collective<\/strong> et d\u2019ouvrir son regard sur le monde.<\/p>\n<p>[\/et_pb_text][\/et_pb_column][et_pb_column type=\u00a0\u00bb1_2&Prime; _builder_version=\u00a0\u00bb4.27.4&Prime; _module_preset=\u00a0\u00bbdefault\u00a0\u00bb background_color=\u00a0\u00bbrgba(224,210,218,0.35)\u00a0\u00bb custom_padding=\u00a0\u00bb10px|10px|10px|10px|false|false\u00a0\u00bb global_colors_info=\u00a0\u00bb{}\u00a0\u00bb][et_pb_image src=\u00a0\u00bbhttps:\/\/sacrecoeurpoulseur.be\/wp-content\/uploads\/2025\/03\/SC04.jpg\u00a0\u00bb title_text=\u00a0\u00bbSC04&Prime; _builder_version=\u00a0\u00bb4.27.4&Prime; _module_preset=\u00a0\u00bbdefault\u00a0\u00bb global_colors_info=\u00a0\u00bb{}\u00a0\u00bb][\/et_pb_image][et_pb_text _builder_version=\u00a0\u00bb4.27.4&Prime; _module_preset=\u00a0\u00bbdefault\u00a0\u00bb global_colors_info=\u00a0\u00bb{}\u00a0\u00bb]<\/p>\n<h2 data-start=\"898\" data-end=\"944\" class=\"\">\ud83c\udfa8 <strong data-start=\"904\" data-end=\"942\">Activit\u00e9s artistiques et cr\u00e9atives<\/strong><\/h2>\n<p data-start=\"945\" data-end=\"1025\" class=\"\">Nos \u00e9l\u00e8ves s\u2019expriment \u00e0 travers :<\/p>\n<ul data-start=\"1026\" data-end=\"1249\">\n<li data-start=\"1026\" data-end=\"1088\" class=\"\">\n<p data-start=\"1028\" data-end=\"1088\" class=\"\"><strong data-start=\"1028\" data-end=\"1047\">Arts plastiques<\/strong> : peinture, bricolage, dessin, collage<\/p>\n<\/li>\n<li data-start=\"1089\" data-end=\"1174\" class=\"\">\n<p data-start=\"1091\" data-end=\"1174\" class=\"\"><strong data-start=\"1091\" data-end=\"1111\">Musique et chant<\/strong> : apprentissage de chansons, cr\u00e9ations musicales, spectacles<\/p>\n<\/li>\n<li data-start=\"1175\" data-end=\"1249\" class=\"\">\n<p data-start=\"1177\" data-end=\"1249\" class=\"\"><strong data-start=\"1177\" data-end=\"1208\">Th\u00e9\u00e2tre et expression orale<\/strong> : jeux de r\u00f4le, mises en sc\u00e8ne, contes<\/p>\n<\/li>\n<\/ul>\n<p data-start=\"1251\" data-end=\"1353\" class=\"\">\ud83c\udfad Un <strong data-start=\"1257\" data-end=\"1285\">spectacle de fin d\u2019ann\u00e9e<\/strong> est souvent organis\u00e9 pour mettre en valeur les talents de chacun.<\/p>\n<p>[\/et_pb_text][\/et_pb_column][\/et_pb_row][et_pb_row column_structure=\u00a0\u00bb1_2,1_2&Prime; _builder_version=\u00a0\u00bb4.27.4&Prime; _module_preset=\u00a0\u00bbdefault\u00a0\u00bb global_colors_info=\u00a0\u00bb{}\u00a0\u00bb][et_pb_column type=\u00a0\u00bb1_2&Prime; _builder_version=\u00a0\u00bb4.27.4&Prime; _module_preset=\u00a0\u00bbdefault\u00a0\u00bb background_color=\u00a0\u00bbrgba(224,210,218,0.35)\u00a0\u00bb custom_padding=\u00a0\u00bb10px|10px|10px|10px|false|false\u00a0\u00bb global_colors_info=\u00a0\u00bb{}\u00a0\u00bb][et_pb_image src=\u00a0\u00bbhttps:\/\/sacrecoeurpoulseur.be\/wp-content\/uploads\/2025\/03\/SC05.jpg\u00a0\u00bb title_text=\u00a0\u00bbSC05&Prime; _builder_version=\u00a0\u00bb4.27.4&Prime; _module_preset=\u00a0\u00bbdefault\u00a0\u00bb global_colors_info=\u00a0\u00bb{}\u00a0\u00bb][\/et_pb_image][et_pb_text _builder_version=\u00a0\u00bb4.27.4&Prime; _module_preset=\u00a0\u00bbdefault\u00a0\u00bb global_colors_info=\u00a0\u00bb{}\u00a0\u00bb]<\/p>\n<h2 data-start=\"1360\" data-end=\"1399\" class=\"\">\ud83c\udf3f <strong data-start=\"1366\" data-end=\"1397\">\u00c9ducation \u00e0 l\u2019environnement<\/strong><\/h2>\n<p data-start=\"1400\" data-end=\"1536\" class=\"\">Nous sensibilisons les enfants d\u00e8s le plus jeune \u00e2ge \u00e0 la <strong data-start=\"1458\" data-end=\"1485\">protection de la nature<\/strong> et au <strong data-start=\"1492\" data-end=\"1522\">respect de l\u2019environnement<\/strong> \u00e0 travers :<\/p>\n<ul data-start=\"1537\" data-end=\"1791\">\n<li data-start=\"1537\" data-end=\"1586\" class=\"\">\n<p data-start=\"1539\" data-end=\"1586\" class=\"\">La mise en place d\u2019un <strong data-start=\"1561\" data-end=\"1584\">potager p\u00e9dagogique<\/strong><\/p>\n<\/li>\n<li data-start=\"1587\" data-end=\"1640\" class=\"\">\n<p data-start=\"1589\" data-end=\"1640\" class=\"\">Des activit\u00e9s de <strong data-start=\"1606\" data-end=\"1638\">tri des d\u00e9chets et recyclage<\/strong><\/p>\n<\/li>\n<li data-start=\"1641\" data-end=\"1702\" class=\"\">\n<p data-start=\"1643\" data-end=\"1702\" class=\"\">Des sorties nature : for\u00eat, ruisseaux, balades \u00e9ducatives<\/p>\n<\/li>\n<li data-start=\"1703\" data-end=\"1791\" class=\"\">\n<p data-start=\"1705\" data-end=\"1791\" class=\"\">Des animations avec des intervenants ext\u00e9rieurs (environnement, \u00e9nergie, biodiversit\u00e9)<\/p>\n<\/li>\n<\/ul>\n<p data-start=\"1793\" data-end=\"1874\" class=\"\">\ud83c\udf0d Nos actions s\u2019inscrivent aussi dans une dynamique d\u2019<strong data-start=\"1848\" data-end=\"1873\">\u00e9cole \u00e9co-responsable<\/strong>.<\/p>\n<p>[\/et_pb_text][\/et_pb_column][et_pb_column type=\u00a0\u00bb1_2&Prime; _builder_version=\u00a0\u00bb4.27.4&Prime; _module_preset=\u00a0\u00bbdefault\u00a0\u00bb background_color=\u00a0\u00bbRGBA(255,255,255,0)\u00a0\u00bb custom_padding=\u00a0\u00bb10px|10px|10px|10px|false|false\u00a0\u00bb global_colors_info=\u00a0\u00bb{}\u00a0\u00bb][et_pb_image src=\u00a0\u00bbhttps:\/\/sacrecoeurpoulseur.be\/wp-content\/uploads\/2025\/03\/SC06.jpg\u00a0\u00bb title_text=\u00a0\u00bbSC06&Prime; _builder_version=\u00a0\u00bb4.27.4&Prime; _module_preset=\u00a0\u00bbdefault\u00a0\u00bb global_colors_info=\u00a0\u00bb{}\u00a0\u00bb][\/et_pb_image][et_pb_text _builder_version=\u00a0\u00bb4.27.4&Prime; _module_preset=\u00a0\u00bbdefault\u00a0\u00bb global_colors_info=\u00a0\u00bb{}\u00a0\u00bb]<\/p>\n<h2 data-start=\"1881\" data-end=\"1928\" class=\"\">\ud83d\udcda <strong data-start=\"1887\" data-end=\"1926\">Sorties p\u00e9dagogiques et culturelles<\/strong><\/h2>\n<p data-start=\"1929\" data-end=\"2091\" class=\"\"><em data-start=\"1929\" data-end=\"1982\">(Module : blog avec filtres ou liste chronologique)<\/em><br data-start=\"1982\" data-end=\"1985\" \/>Chaque ann\u00e9e, les \u00e9l\u00e8ves participent \u00e0 <strong data-start=\"2024\" data-end=\"2054\">des sorties enrichissantes<\/strong>, en lien avec les apprentissages :<\/p>\n<ul data-start=\"2092\" data-end=\"2360\">\n<li data-start=\"2092\" data-end=\"2145\" class=\"\">\n<p data-start=\"2094\" data-end=\"2145\" class=\"\">Visites de <strong data-start=\"2105\" data-end=\"2115\">mus\u00e9es<\/strong>, expositions, biblioth\u00e8ques<\/p>\n<\/li>\n<li data-start=\"2146\" data-end=\"2190\" class=\"\">\n<p data-start=\"2148\" data-end=\"2190\" class=\"\">Sorties dans des <strong data-start=\"2165\" data-end=\"2188\">fermes p\u00e9dagogiques<\/strong><\/p>\n<\/li>\n<li data-start=\"2191\" data-end=\"2272\" class=\"\">\n<p data-start=\"2193\" data-end=\"2272\" class=\"\">Excursions \u00e0 des <strong data-start=\"2210\" data-end=\"2228\">sites naturels<\/strong> (comme la Grotte de Comblain ou Forestia)<\/p>\n<\/li>\n<li data-start=\"2273\" data-end=\"2360\" class=\"\">\n<p data-start=\"2275\" data-end=\"2360\" class=\"\"><strong data-start=\"2275\" data-end=\"2289\">Spectacles<\/strong> et repr\u00e9sentations culturelles (marionnettes, th\u00e9\u00e2tre jeune public\u2026)<\/p>\n<\/li>\n<\/ul>\n<p data-start=\"2362\" data-end=\"2470\" class=\"\">Ces exp\u00e9riences <strong data-start=\"2378\" data-end=\"2398\">ouvrent l\u2019esprit<\/strong>, d\u00e9veloppent la curiosit\u00e9 et rendent l\u2019apprentissage <strong data-start=\"2452\" data-end=\"2467\">plus vivant<\/strong>.<\/p>\n<p>[\/et_pb_text][\/et_pb_column][\/et_pb_row][et_pb_row column_structure=\u00a0\u00bb1_2,1_2&Prime; _builder_version=\u00a0\u00bb4.27.4&Prime; _module_preset=\u00a0\u00bbdefault\u00a0\u00bb global_colors_info=\u00a0\u00bb{}\u00a0\u00bb][et_pb_column type=\u00a0\u00bb1_2&Prime; _builder_version=\u00a0\u00bb4.27.4&Prime; _module_preset=\u00a0\u00bbdefault\u00a0\u00bb custom_padding=\u00a0\u00bb10px|10px|10px|10px|false|false\u00a0\u00bb global_colors_info=\u00a0\u00bb{}\u00a0\u00bb][et_pb_image src=\u00a0\u00bbhttps:\/\/sacrecoeurpoulseur.be\/wp-content\/uploads\/2025\/03\/SC07.jpg\u00a0\u00bb title_text=\u00a0\u00bbSC07&Prime; _builder_version=\u00a0\u00bb4.27.4&Prime; _module_preset=\u00a0\u00bbdefault\u00a0\u00bb global_colors_info=\u00a0\u00bb{}\u00a0\u00bb][\/et_pb_image][et_pb_text _builder_version=\u00a0\u00bb4.27.4&Prime; _module_preset=\u00a0\u00bbdefault\u00a0\u00bb global_colors_info=\u00a0\u00bb{}\u00a0\u00bb]<\/p>\n<h2 data-start=\"2477\" data-end=\"2522\" class=\"\">\ud83c\udf89 <strong data-start=\"2483\" data-end=\"2520\">Moments forts de l\u2019ann\u00e9e scolaire<\/strong><\/h2>\n<p data-start=\"2523\" data-end=\"2664\" class=\"\"><em data-start=\"2523\" data-end=\"2557\">(Module : Chronologie ou Slider)<\/em><br data-start=\"2557\" data-end=\"2560\" \/>Notre \u00e9cole est rythm\u00e9e par des <strong data-start=\"2592\" data-end=\"2630\">\u00e9v\u00e9nements festifs et rassembleurs<\/strong>, tr\u00e8s attendus par les \u00e9l\u00e8ves :<\/p>\n<ul data-start=\"2665\" data-end=\"2890\">\n<li data-start=\"2665\" data-end=\"2699\" class=\"\">\n<p data-start=\"2667\" data-end=\"2699\" class=\"\">\ud83c\udf85 <strong data-start=\"2670\" data-end=\"2697\">Visite de Saint-Nicolas<\/strong><\/p>\n<\/li>\n<li data-start=\"2700\" data-end=\"2735\" class=\"\">\n<p data-start=\"2702\" data-end=\"2735\" class=\"\">\ud83c\udfad <strong data-start=\"2705\" data-end=\"2733\">Carnaval et d\u00e9guisements<\/strong><\/p>\n<\/li>\n<li data-start=\"2736\" data-end=\"2771\" class=\"\">\n<p data-start=\"2738\" data-end=\"2771\" class=\"\">\ud83c\udf1f <strong data-start=\"2741\" data-end=\"2769\">Spectacle de fin d\u2019ann\u00e9e<\/strong><\/p>\n<\/li>\n<li data-start=\"2772\" data-end=\"2828\" class=\"\">\n<p data-start=\"2774\" data-end=\"2828\" class=\"\">\ud83c\udf88 <strong data-start=\"2777\" data-end=\"2826\">F\u00eate scolaire avec stands, jeux et spectacles<\/strong><\/p>\n<\/li>\n<li data-start=\"2829\" data-end=\"2890\" class=\"\">\n<p data-start=\"2831\" data-end=\"2890\" class=\"\">\ud83c\udf7d\ufe0f <strong data-start=\"2835\" data-end=\"2890\">Repas conviviaux organis\u00e9s par le Comit\u00e9 de Parents<\/strong><\/p>\n<\/li>\n<\/ul>\n<p data-start=\"2892\" data-end=\"3009\" class=\"\">Ces moments cr\u00e9ent <strong data-start=\"2911\" data-end=\"2937\">des souvenirs pr\u00e9cieux<\/strong> pour les enfants et renforcent le lien entre l\u2019\u00e9cole et les familles.<\/p>\n<p>[\/et_pb_text][\/et_pb_column][et_pb_column type=\u00a0\u00bb1_2&Prime; _builder_version=\u00a0\u00bb4.27.4&Prime; _module_preset=\u00a0\u00bbdefault\u00a0\u00bb background_color=\u00a0\u00bbrgba(224,210,218,0.35)\u00a0\u00bb custom_padding=\u00a0\u00bb10px|10px|10px|10px|false|false\u00a0\u00bb global_colors_info=\u00a0\u00bb{}\u00a0\u00bb][et_pb_image src=\u00a0\u00bbhttps:\/\/sacrecoeurpoulseur.be\/wp-content\/uploads\/2025\/03\/SC08.jpg\u00a0\u00bb title_text=\u00a0\u00bbSC08&Prime; _builder_version=\u00a0\u00bb4.27.4&Prime; _module_preset=\u00a0\u00bbdefault\u00a0\u00bb global_colors_info=\u00a0\u00bb{}\u00a0\u00bb][\/et_pb_image][et_pb_text _builder_version=\u00a0\u00bb4.27.4&Prime; _module_preset=\u00a0\u00bbdefault\u00a0\u00bb global_colors_info=\u00a0\u00bb{}\u00a0\u00bb]<\/p>\n<h2 data-start=\"3016\" data-end=\"3058\" class=\"\">\ud83e\udd1d <strong data-start=\"3022\" data-end=\"3056\">Projets citoyens et solidaires<\/strong><\/h2>\n<p data-start=\"3059\" data-end=\"3147\" class=\"\">Nous encourageons les \u00e9l\u00e8ves \u00e0 devenir <strong data-start=\"3098\" data-end=\"3125\">acteurs de leur soci\u00e9t\u00e9<\/strong>, en participant \u00e0 :<\/p>\n<ul data-start=\"3148\" data-end=\"3350\">\n<li data-start=\"3148\" data-end=\"3189\" class=\"\">\n<p data-start=\"3150\" data-end=\"3189\" class=\"\">Collectes pour des \u0153uvres caritatives<\/p>\n<\/li>\n<li data-start=\"3190\" data-end=\"3264\" class=\"\">\n<p data-start=\"3192\" data-end=\"3264\" class=\"\">Projets de solidarit\u00e9 locale (ex. : No\u00ebl solidaire, r\u00e9colte de vivres)<\/p>\n<\/li>\n<li data-start=\"3265\" data-end=\"3350\" class=\"\">\n<p data-start=\"3267\" data-end=\"3350\" class=\"\">Activit\u00e9s de vivre-ensemble (d\u00e9bats, cercles de parole, projets anti-harc\u00e8lement)<\/p>\n<\/li>\n<\/ul>\n<p data-start=\"3352\" data-end=\"3437\" class=\"\">\ud83d\udcac Ces initiatives d\u00e9veloppent l\u2019<strong data-start=\"3385\" data-end=\"3436\">empathie, le respect et le sens de l\u2019engagement<\/strong>.<\/p>\n<p>[\/et_pb_text][\/et_pb_column][\/et_pb_row][et_pb_row column_structure=\u00a0\u00bb1_2,1_2&Prime; _builder_version=\u00a0\u00bb4.27.4&Prime; _module_preset=\u00a0\u00bbdefault\u00a0\u00bb hover_enabled=\u00a0\u00bb0&Prime; global_colors_info=\u00a0\u00bb{}\u00a0\u00bb sticky_enabled=\u00a0\u00bb0&Prime;][et_pb_column type=\u00a0\u00bb1_2&Prime; _builder_version=\u00a0\u00bb4.27.4&Prime; _module_preset=\u00a0\u00bbdefault\u00a0\u00bb global_colors_info=\u00a0\u00bb{}\u00a0\u00bb][et_pb_image src=\u00a0\u00bbhttps:\/\/sacrecoeurpoulseur.be\/wp-content\/uploads\/2025\/03\/SC09.jpg\u00a0\u00bb title_text=\u00a0\u00bbSC09&Prime; _builder_version=\u00a0\u00bb4.27.4&Prime; _module_preset=\u00a0\u00bbdefault\u00a0\u00bb global_colors_info=\u00a0\u00bb{}\u00a0\u00bb][\/et_pb_image][et_pb_text _builder_version=\u00a0\u00bb4.27.4&Prime; _module_preset=\u00a0\u00bbdefault\u00a0\u00bb global_colors_info=\u00a0\u00bb{}\u00a0\u00bb]<\/p>\n<h2 data-start=\"3444\" data-end=\"3480\" class=\"\">\ud83d\udcc5 <strong data-start=\"3450\" data-end=\"3478\">Un agenda riche et vari\u00e9<\/strong><\/h2>\n<p data-start=\"3481\" data-end=\"3576\" class=\"\">Un <strong data-start=\"3484\" data-end=\"3512\">calendrier des activit\u00e9s<\/strong> est r\u00e9guli\u00e8rement mis \u00e0 jour et communiqu\u00e9 aux familles via :<\/p>\n<ul data-start=\"3577\" data-end=\"3670\">\n<li data-start=\"3577\" data-end=\"3605\" class=\"\">\n<p data-start=\"3579\" data-end=\"3605\" class=\"\">Le <strong data-start=\"3582\" data-end=\"3603\">journal de classe<\/strong><\/p>\n<\/li>\n<li data-start=\"3606\" data-end=\"3637\" class=\"\">\n<p data-start=\"3608\" data-end=\"3637\" class=\"\">Les <strong data-start=\"3612\" data-end=\"3635\">r\u00e9unions de parents<\/strong><\/p>\n<\/li>\n<li data-start=\"3638\" data-end=\"3670\" class=\"\">\n<p data-start=\"3640\" data-end=\"3670\" class=\"\">Des <strong data-start=\"3644\" data-end=\"3668\">circulaires et mails<\/strong><\/p>\n<\/li>\n<\/ul>\n<p data-start=\"3672\" data-end=\"3782\" class=\"\">\ud83d\udccc Toutes les informations pratiques sont \u00e9galement disponibles sur le site dans la rubrique <strong data-start=\"3765\" data-end=\"3781\">\u00ab\u00a0Actualit\u00e9s\u00a0\u00bb<\/strong>.<\/p>\n<p>[\/et_pb_text][\/et_pb_column][et_pb_column type=\u00a0\u00bb1_2&Prime; _builder_version=\u00a0\u00bb4.27.4&Prime; _module_preset=\u00a0\u00bbdefault\u00a0\u00bb background_color=\u00a0\u00bbRGBA(255,255,255,0)\u00a0\u00bb custom_padding=\u00a0\u00bb10px|10px|10px|10px|false|false\u00a0\u00bb hover_enabled=\u00a0\u00bb0&Prime; global_colors_info=\u00a0\u00bb{}\u00a0\u00bb sticky_enabled=\u00a0\u00bb0&Prime;][\/et_pb_column][\/et_pb_row][\/et_pb_section]<\/p>\n","protected":false},"excerpt":{"rendered":"<p>\ud83c\udf31 Des projets qui donnent du sens \u00e0 l\u2019apprentissage \u00c0 l\u2019\u00e9cole libre de Poulseur, nous croyons que l\u2019apprentissage ne se limite pas aux manuels et aux bancs d\u2019\u00e9cole. Nos \u00e9l\u00e8ves participent chaque ann\u00e9e \u00e0 de nombreux projets \u00e9ducatifs, citoyens, culturels et artistiques qui compl\u00e8tent les savoirs acquis en classe. Ces activit\u00e9s permettent \u00e0 chaque enfant de se d\u00e9couvrir autrement, de d\u00e9velopper sa cr\u00e9ativit\u00e9, de s\u2019impliquer dans la vie collective et d\u2019ouvrir son regard sur le monde.\ud83c\udfa8 Activit\u00e9s artistiques et cr\u00e9atives Nos \u00e9l\u00e8ves s\u2019expriment \u00e0 travers : Arts plastiques : peinture, bricolage, dessin, collage Musique et chant : apprentissage de chansons, cr\u00e9ations musicales, spectacles Th\u00e9\u00e2tre et expression orale : jeux de r\u00f4le, mises en sc\u00e8ne, contes \ud83c\udfad Un spectacle de fin d\u2019ann\u00e9e est souvent organis\u00e9 pour mettre en valeur les talents de chacun.\ud83c\udf3f \u00c9ducation \u00e0 l\u2019environnement Nous sensibilisons les enfants d\u00e8s le plus jeune \u00e2ge \u00e0 la protection de la nature et au respect de l\u2019environnement \u00e0 travers : La mise en place d\u2019un potager p\u00e9dagogique Des activit\u00e9s de tri des d\u00e9chets et recyclage Des sorties nature : for\u00eat, ruisseaux, balades \u00e9ducatives Des animations avec des intervenants ext\u00e9rieurs (environnement, \u00e9nergie, biodiversit\u00e9) \ud83c\udf0d Nos actions s\u2019inscrivent aussi dans une dynamique d\u2019\u00e9cole \u00e9co-responsable.\ud83d\udcda [&hellip;]<\/p>\n","protected":false},"author":1,"featured_media":0,"parent":0,"menu_order":0,"comment_status":"closed","ping_status":"closed","template":"","meta":{"_et_pb_use_builder":"on","_et_pb_old_content":"","_et_gb_content_width":"","footnotes":""},"class_list":["post-32","page","type-page","status-publish","hentry"],"_links":{"self":[{"href":"https:\/\/sacrecoeurpoulseur.be\/index.php\/wp-json\/wp\/v2\/pages\/32","targetHints":{"allow":["GET"]}}],"collection":[{"href":"https:\/\/sacrecoeurpoulseur.be\/index.php\/wp-json\/wp\/v2\/pages"}],"about":[{"href":"https:\/\/sacrecoeurpoulseur.be\/index.php\/wp-json\/wp\/v2\/types\/page"}],"author":[{"embeddable":true,"href":"https:\/\/sacrecoeurpoulseur.be\/index.php\/wp-json\/wp\/v2\/users\/1"}],"replies":[{"embeddable":true,"href":"https:\/\/sacrecoeurpoulseur.be\/index.php\/wp-json\/wp\/v2\/comments?post=32"}],"version-history":[{"count":11,"href":"https:\/\/sacrecoeurpoulseur.be\/index.php\/wp-json\/wp\/v2\/pages\/32\/revisions"}],"predecessor-version":[{"id":216,"href":"https:\/\/sacrecoeurpoulseur.be\/index.php\/wp-json\/wp\/v2\/pages\/32\/revisions\/216"}],"wp:attachment":[{"href":"https:\/\/sacrecoeurpoulseur.be\/index.php\/wp-json\/wp\/v2\/media?parent=32"}],"curies":[{"name":"wp","href":"https:\/\/api.w.org\/{rel}","templated":true}]}}